{"id":17281,"date":"2025-09-10T18:37:34","date_gmt":"2025-09-10T16:37:34","guid":{"rendered":"https:\/\/doloresherrero.com\/gargoyles-in-spain\/guipuzcoa\/"},"modified":"2026-04-16T14:33:28","modified_gmt":"2026-04-16T12:33:28","slug":"guipuzcoa","status":"publish","type":"page","link":"https:\/\/doloresherrero.com\/en\/gargoyles-in-spain\/guipuzcoa\/","title":{"rendered":"Guip\u00fazcoa"},"content":{"rendered":"\n<div class=\"et_pb_section_0 et_pb_section et_section_regular et_block_section\"><div class=\"et_pb_row_0 et_pb_row et_block_row\"><div class=\"et_pb_column_0 et_pb_column et_pb_column_1_2 et_block_column et_pb_css_mix_blend_mode_passthrough\"><div class=\"et_pb_text_0 et_pb_text et_pb_bg_layout_light et_pb_module et_block_module\"><div class=\"et_pb_text_inner\"><h1>Gargoyles in Guip\u00fazcoa<\/h1>\n<\/div><\/div><\/div><div class=\"et_pb_column_1 et_pb_column et_pb_column_1_2 et-last-child et_block_column et_pb_column_empty et_pb_css_mix_blend_mode_passthrough\"><\/div><\/div><div class=\"et_pb_row_1 et_pb_row et_block_row\"><div class=\"et_pb_column_2 et_pb_column et_pb_column_4_4 et-last-child et_block_column et_pb_css_mix_blend_mode_passthrough\"><div class=\"et_pb_gallery_0 et_pb_gallery et_pb_bg_layout_light et_pb_gallery_grid et_pb_module\" data-auto-rotate=\"off\" data-auto-rotate-speed=\"\"><div class=\"et_pb_gallery_items et_post_gallery clearfix et_grid_module\" data-per_page=\"999\"><div class=\"et_pb_gallery_item et_pb_grid_item et_pb_gallery_item_0_0\"><div class=\"et_pb_gallery_image portrait\" data-per_page=\"999\"><a href=\"https:\/\/doloresherrero.com\/wp-content\/uploads\/D-_Usuarios_Lola-Herrero_Pictures_PAGINA-WEB_BLOG_ANO-2019_ABRIL-2019_ya_Gargola-de-la-Iglesia-de-Nuestra-Senora-del-Juncal-Irun.jpg\" title=\"Church of Nuestra Se\u00f1ora del Juncal (Ir\u00fan, Guip\u00fazcoa, Spain)\"><img loading=\"lazy\" decoding=\"async\" width=\"400\" height=\"516\" src=\"https:\/\/doloresherrero.com\/wp-content\/uploads\/D-_Usuarios_Lola-Herrero_Pictures_PAGINA-WEB_BLOG_ANO-2019_ABRIL-2019_ya_Gargola-de-la-Iglesia-de-Nuestra-Senora-del-Juncal-Irun-400x516.jpg\" alt=\"Gargoyle of the Church of Our Lady of Juncal (Ir\u00fan). It is a mythological animal: a griffin.\" class=\"wp-image-13095\" srcset=\"https:\/\/doloresherrero.com\/wp-content\/uploads\/D-_Usuarios_Lola-Herrero_Pictures_PAGINA-WEB_BLOG_ANO-2019_ABRIL-2019_ya_Gargola-de-la-Iglesia-de-Nuestra-Senora-del-Juncal-Irun.jpg 479w, https:\/\/doloresherrero.com\/wp-content\/uploads\/D-_Usuarios_Lola-Herrero_Pictures_PAGINA-WEB_BLOG_ANO-2019_ABRIL-2019_ya_Gargola-de-la-Iglesia-de-Nuestra-Senora-del-Juncal-Irun-400x516.jpg 480w\" sizes=\"(max-width:479px) 479px, 100vw\" title=\"\"><span class=\"et_overlay\" data-icon=\"\" data-icon-tablet=\"\" data-icon-phone=\"\"><\/span><\/a><\/div><h3 class=\"et_pb_gallery_title\">Church of Nuestra Se\u00f1ora del Juncal (Ir\u00fan, Guip\u00fazcoa, Spain)<\/h3><p class=\"et_pb_gallery_caption\">Church of Nuestra Se\u00f1ora del Juncal in Ir\u00fan (Spain)<\/p><\/div><div class=\"et_pb_gallery_item et_pb_grid_item et_pb_gallery_item_0_1\"><div class=\"et_pb_gallery_image portrait\" data-per_page=\"999\"><a href=\"https:\/\/doloresherrero.com\/wp-content\/uploads\/Gargola-de-la-Parroquia-de-Nuestra-Senora-del-Juncal-en-Irun-10.jpg\" title=\"Church of Nuestra Se\u00f1ora del Juncal (Ir\u00fan, Guip\u00fazcoa, Spain)\"><img loading=\"lazy\" decoding=\"async\" width=\"400\" height=\"516\" src=\"https:\/\/doloresherrero.com\/wp-content\/uploads\/Gargola-de-la-Parroquia-de-Nuestra-Senora-del-Juncal-en-Irun-10-400x516.jpg\" alt=\"Gargoyle on the Church of Nuestra Se\u00f1ora del Juncal (Ir\u00fan, Guip\u00fazcoa, Spain). A mythological creature: a griffin.\" class=\"wp-image-12377\" srcset=\"https:\/\/doloresherrero.com\/wp-content\/uploads\/Gargola-de-la-Parroquia-de-Nuestra-Senora-del-Juncal-en-Irun-10.jpg 479w, https:\/\/doloresherrero.com\/wp-content\/uploads\/Gargola-de-la-Parroquia-de-Nuestra-Senora-del-Juncal-en-Irun-10-400x516.jpg 480w\" sizes=\"(max-width:479px) 479px, 100vw\" title=\"\"><span class=\"et_overlay\" data-icon=\"\" data-icon-tablet=\"\" data-icon-phone=\"\"><\/span><\/a><\/div><h3 class=\"et_pb_gallery_title\">Church of Nuestra Se\u00f1ora del Juncal (Ir\u00fan, Guip\u00fazcoa, Spain)<\/h3><\/div><div class=\"et_pb_gallery_item et_pb_grid_item et_pb_gallery_item_0_2\"><div class=\"et_pb_gallery_image portrait\" data-per_page=\"999\"><a href=\"https:\/\/doloresherrero.com\/wp-content\/uploads\/Gargola-de-la-Parroquia-de-Nuestra-Senora-del-Juncal-en-Irun-9.jpg\" title=\"Church of Nuestra Se\u00f1ora del Juncal (Ir\u00fan, Guip\u00fazcoa, Spain)\"><img loading=\"lazy\" decoding=\"async\" width=\"400\" height=\"516\" src=\"https:\/\/doloresherrero.com\/wp-content\/uploads\/Gargola-de-la-Parroquia-de-Nuestra-Senora-del-Juncal-en-Irun-9-400x516.jpg\" alt=\"Gargoyle on the Church of Nuestra Se\u00f1ora del Juncal (Ir\u00fan, Guip\u00fazcoa, Spain). A real animal: a lamb.\" class=\"wp-image-12375\" srcset=\"https:\/\/doloresherrero.com\/wp-content\/uploads\/Gargola-de-la-Parroquia-de-Nuestra-Senora-del-Juncal-en-Irun-9.jpg 479w, https:\/\/doloresherrero.com\/wp-content\/uploads\/Gargola-de-la-Parroquia-de-Nuestra-Senora-del-Juncal-en-Irun-9-400x516.jpg 480w\" sizes=\"(max-width:479px) 479px, 100vw\" title=\"\"><span class=\"et_overlay\" data-icon=\"\" data-icon-tablet=\"\" data-icon-phone=\"\"><\/span><\/a><\/div><h3 class=\"et_pb_gallery_title\">Church of Nuestra Se\u00f1ora del Juncal (Ir\u00fan, Guip\u00fazcoa, Spain)<\/h3><\/div><div class=\"et_pb_gallery_item et_pb_grid_item et_pb_gallery_item_0_3\"><div class=\"et_pb_gallery_image portrait\" data-per_page=\"999\"><a href=\"https:\/\/doloresherrero.com\/wp-content\/uploads\/Gargola-de-la-Parroquia-de-Nuestra-Senora-del-Juncal-en-Irun-8.jpg\" title=\"Church of Nuestra Se\u00f1ora del Juncal (Ir\u00fan, Guip\u00fazcoa, Spain)\"><img loading=\"lazy\" decoding=\"async\" width=\"400\" height=\"516\" src=\"https:\/\/doloresherrero.com\/wp-content\/uploads\/Gargola-de-la-Parroquia-de-Nuestra-Senora-del-Juncal-en-Irun-8-400x516.jpg\" alt=\"Gargoyle on the Church of Nuestra Se\u00f1ora del Juncal (Ir\u00fan, Guip\u00fazcoa, Spain). A real animal: a lamb.\" class=\"wp-image-12373\" srcset=\"https:\/\/doloresherrero.com\/wp-content\/uploads\/Gargola-de-la-Parroquia-de-Nuestra-Senora-del-Juncal-en-Irun-8.jpg 479w, https:\/\/doloresherrero.com\/wp-content\/uploads\/Gargola-de-la-Parroquia-de-Nuestra-Senora-del-Juncal-en-Irun-8-400x516.jpg 480w\" sizes=\"(max-width:479px) 479px, 100vw\" title=\"\"><span class=\"et_overlay\" data-icon=\"\" data-icon-tablet=\"\" data-icon-phone=\"\"><\/span><\/a><\/div><h3 class=\"et_pb_gallery_title\">Church of Nuestra Se\u00f1ora del Juncal (Ir\u00fan, Guip\u00fazcoa, Spain)<\/h3><\/div><div class=\"et_pb_gallery_item et_pb_grid_item et_pb_gallery_item_0_4\"><div class=\"et_pb_gallery_image portrait\" data-per_page=\"999\"><a href=\"https:\/\/doloresherrero.com\/wp-content\/uploads\/Gargola-de-la-Parroquia-de-Nuestra-Senora-del-Juncal-en-Irun-7.jpg\" title=\"Church of Nuestra Se\u00f1ora del Juncal (Ir\u00fan, Guip\u00fazcoa, Spain)\"><img loading=\"lazy\" decoding=\"async\" width=\"400\" height=\"516\" src=\"https:\/\/doloresherrero.com\/wp-content\/uploads\/Gargola-de-la-Parroquia-de-Nuestra-Senora-del-Juncal-en-Irun-7-400x516.jpg\" alt=\"Gargoyle on the Church of Nuestra Se\u00f1ora del Juncal (Ir\u00fan, Guip\u00fazcoa, Spain). A real animal: a lamb.\" class=\"wp-image-12371\" srcset=\"https:\/\/doloresherrero.com\/wp-content\/uploads\/Gargola-de-la-Parroquia-de-Nuestra-Senora-del-Juncal-en-Irun-7.jpg 479w, https:\/\/doloresherrero.com\/wp-content\/uploads\/Gargola-de-la-Parroquia-de-Nuestra-Senora-del-Juncal-en-Irun-7-400x516.jpg 480w\" sizes=\"(max-width:479px) 479px, 100vw\" title=\"\"><span class=\"et_overlay\" data-icon=\"\" data-icon-tablet=\"\" data-icon-phone=\"\"><\/span><\/a><\/div><h3 class=\"et_pb_gallery_title\">Church of Nuestra Se\u00f1ora del Juncal (Ir\u00fan, Guip\u00fazcoa, Spain)<\/h3><\/div><div class=\"et_pb_gallery_item et_pb_grid_item et_pb_gallery_item_0_5\"><div class=\"et_pb_gallery_image portrait\" data-per_page=\"999\"><a href=\"https:\/\/doloresherrero.com\/wp-content\/uploads\/Gargola-de-la-Parroquia-de-Nuestra-Senora-del-Juncal-en-Irun-6.jpg\" title=\"Church of Nuestra Se\u00f1ora del Juncal (Ir\u00fan, Guip\u00fazcoa, Spain)\"><img loading=\"lazy\" decoding=\"async\" width=\"400\" height=\"516\" src=\"https:\/\/doloresherrero.com\/wp-content\/uploads\/Gargola-de-la-Parroquia-de-Nuestra-Senora-del-Juncal-en-Irun-6-400x516.jpg\" alt=\"Gargoyle on the Church of Nuestra Se\u00f1ora del Juncal (Ir\u00fan, Guip\u00fazcoa, Spain). A mythological creature: a griffin.\" class=\"wp-image-12369\" srcset=\"https:\/\/doloresherrero.com\/wp-content\/uploads\/Gargola-de-la-Parroquia-de-Nuestra-Senora-del-Juncal-en-Irun-6.jpg 479w, https:\/\/doloresherrero.com\/wp-content\/uploads\/Gargola-de-la-Parroquia-de-Nuestra-Senora-del-Juncal-en-Irun-6-400x516.jpg 480w\" sizes=\"(max-width:479px) 479px, 100vw\" title=\"\"><span class=\"et_overlay\" data-icon=\"\" data-icon-tablet=\"\" data-icon-phone=\"\"><\/span><\/a><\/div><h3 class=\"et_pb_gallery_title\">Church of Nuestra Se\u00f1ora del Juncal (Ir\u00fan, Guip\u00fazcoa, Spain)<\/h3><\/div><div class=\"et_pb_gallery_item et_pb_grid_item et_pb_gallery_item_0_6\"><div class=\"et_pb_gallery_image portrait\" data-per_page=\"999\"><a href=\"https:\/\/doloresherrero.com\/wp-content\/uploads\/Gargola-de-la-Parroquia-de-Nuestra-Senora-del-Juncal-en-Irun-5.jpg\" title=\"Church of Nuestra Se\u00f1ora del Juncal (Ir\u00fan, Guip\u00fazcoa, Spain)\"><img loading=\"lazy\" decoding=\"async\" width=\"400\" height=\"516\" src=\"https:\/\/doloresherrero.com\/wp-content\/uploads\/Gargola-de-la-Parroquia-de-Nuestra-Senora-del-Juncal-en-Irun-5-400x516.jpg\" alt=\"Gargoyle on the Church of Nuestra Se\u00f1ora del Juncal (Ir\u00fan, Guip\u00fazcoa, Spain). A mythological creature: a griffin.\" class=\"wp-image-12367\" srcset=\"https:\/\/doloresherrero.com\/wp-content\/uploads\/Gargola-de-la-Parroquia-de-Nuestra-Senora-del-Juncal-en-Irun-5.jpg 479w, https:\/\/doloresherrero.com\/wp-content\/uploads\/Gargola-de-la-Parroquia-de-Nuestra-Senora-del-Juncal-en-Irun-5-400x516.jpg 480w\" sizes=\"(max-width:479px) 479px, 100vw\" title=\"\"><span class=\"et_overlay\" data-icon=\"\" data-icon-tablet=\"\" data-icon-phone=\"\"><\/span><\/a><\/div><h3 class=\"et_pb_gallery_title\">Church of Nuestra Se\u00f1ora del Juncal (Ir\u00fan, Guip\u00fazcoa, Spain)<\/h3><\/div><div class=\"et_pb_gallery_item et_pb_grid_item et_pb_gallery_item_0_7\"><div class=\"et_pb_gallery_image portrait\" data-per_page=\"999\"><a href=\"https:\/\/doloresherrero.com\/wp-content\/uploads\/Gargola-de-la-Parroquia-de-Nuestra-Senora-del-Juncal-en-Irun-4.jpg\" title=\"Church of Nuestra Se\u00f1ora del Juncal (Ir\u00fan, Guip\u00fazcoa, Spain)\"><img loading=\"lazy\" decoding=\"async\" width=\"400\" height=\"516\" src=\"https:\/\/doloresherrero.com\/wp-content\/uploads\/Gargola-de-la-Parroquia-de-Nuestra-Senora-del-Juncal-en-Irun-4-400x516.jpg\" alt=\"Gargoyle on the Church of Nuestra Se\u00f1ora del Juncal (Ir\u00fan, Guip\u00fazcoa, Spain). A mythological creature: a griffin.\" class=\"wp-image-12365\" srcset=\"https:\/\/doloresherrero.com\/wp-content\/uploads\/Gargola-de-la-Parroquia-de-Nuestra-Senora-del-Juncal-en-Irun-4.jpg 479w, https:\/\/doloresherrero.com\/wp-content\/uploads\/Gargola-de-la-Parroquia-de-Nuestra-Senora-del-Juncal-en-Irun-4-400x516.jpg 480w\" sizes=\"(max-width:479px) 479px, 100vw\" title=\"\"><span class=\"et_overlay\" data-icon=\"\" data-icon-tablet=\"\" data-icon-phone=\"\"><\/span><\/a><\/div><h3 class=\"et_pb_gallery_title\">Church of Nuestra Se\u00f1ora del Juncal (Ir\u00fan, Guip\u00fazcoa, Spain)<\/h3><\/div><div class=\"et_pb_gallery_item et_pb_grid_item et_pb_gallery_item_0_8\"><div class=\"et_pb_gallery_image portrait\" data-per_page=\"999\"><a href=\"https:\/\/doloresherrero.com\/wp-content\/uploads\/Gargola-de-la-Parroquia-de-Nuestra-Senora-del-Juncal-en-Irun-3.jpg\" title=\"Church of Nuestra Se\u00f1ora del Juncal (Ir\u00fan, Guip\u00fazcoa, Spain)\"><img loading=\"lazy\" decoding=\"async\" width=\"400\" height=\"516\" src=\"https:\/\/doloresherrero.com\/wp-content\/uploads\/Gargola-de-la-Parroquia-de-Nuestra-Senora-del-Juncal-en-Irun-3-400x516.jpg\" alt=\"Gargoyle on the Church of Nuestra Se\u00f1ora del Juncal (Ir\u00fan, Guip\u00fazcoa, Spain). A mythological creature: a griffin.\" class=\"wp-image-12363\" srcset=\"https:\/\/doloresherrero.com\/wp-content\/uploads\/Gargola-de-la-Parroquia-de-Nuestra-Senora-del-Juncal-en-Irun-3.jpg 479w, https:\/\/doloresherrero.com\/wp-content\/uploads\/Gargola-de-la-Parroquia-de-Nuestra-Senora-del-Juncal-en-Irun-3-400x516.jpg 480w\" sizes=\"(max-width:479px) 479px, 100vw\" title=\"\"><span class=\"et_overlay\" data-icon=\"\" data-icon-tablet=\"\" data-icon-phone=\"\"><\/span><\/a><\/div><h3 class=\"et_pb_gallery_title\">Church of Nuestra Se\u00f1ora del Juncal (Ir\u00fan, Guip\u00fazcoa, Spain)<\/h3><\/div><div class=\"et_pb_gallery_item et_pb_grid_item et_pb_gallery_item_0_9\"><div class=\"et_pb_gallery_image portrait\" data-per_page=\"999\"><a href=\"https:\/\/doloresherrero.com\/wp-content\/uploads\/Gargola-de-la-Parroquia-de-Nuestra-Senora-del-Juncal-en-Irun-2.jpg\" title=\"Church of Nuestra Se\u00f1ora del Juncal (Ir\u00fan, Guip\u00fazcoa, Spain)\"><img loading=\"lazy\" decoding=\"async\" width=\"400\" height=\"516\" src=\"https:\/\/doloresherrero.com\/wp-content\/uploads\/Gargola-de-la-Parroquia-de-Nuestra-Senora-del-Juncal-en-Irun-2-400x516.jpg\" alt=\"Gargoyle on the Church of Nuestra Se\u00f1ora del Juncal (Ir\u00fan, Guip\u00fazcoa, Spain). A mythological creature: a griffin.\" class=\"wp-image-12361\" srcset=\"https:\/\/doloresherrero.com\/wp-content\/uploads\/Gargola-de-la-Parroquia-de-Nuestra-Senora-del-Juncal-en-Irun-2.jpg 479w, https:\/\/doloresherrero.com\/wp-content\/uploads\/Gargola-de-la-Parroquia-de-Nuestra-Senora-del-Juncal-en-Irun-2-400x516.jpg 480w\" sizes=\"(max-width:479px) 479px, 100vw\" title=\"\"><span class=\"et_overlay\" data-icon=\"\" data-icon-tablet=\"\" data-icon-phone=\"\"><\/span><\/a><\/div><h3 class=\"et_pb_gallery_title\">Church of Nuestra Se\u00f1ora del Juncal (Ir\u00fan, Guip\u00fazcoa, Spain)<\/h3><\/div><div class=\"et_pb_gallery_item et_pb_grid_item et_pb_gallery_item_0_10\"><div class=\"et_pb_gallery_image portrait\" data-per_page=\"999\"><a href=\"https:\/\/doloresherrero.com\/wp-content\/uploads\/Gargola-de-la-Parroquia-de-Nuestra-Senora-del-Juncal-en-Irun-1.jpg\" title=\"Church of Nuestra Se\u00f1ora del Juncal (Ir\u00fan, Guip\u00fazcoa, Spain)\"><img loading=\"lazy\" decoding=\"async\" width=\"400\" height=\"516\" src=\"https:\/\/doloresherrero.com\/wp-content\/uploads\/Gargola-de-la-Parroquia-de-Nuestra-Senora-del-Juncal-en-Irun-1-400x516.jpg\" alt=\"Gargoyle on the Church of Nuestra Se\u00f1ora del Juncal (Ir\u00fan, Guip\u00fazcoa, Spain). A real animal: a lamb.\" class=\"wp-image-12359\" srcset=\"https:\/\/doloresherrero.com\/wp-content\/uploads\/Gargola-de-la-Parroquia-de-Nuestra-Senora-del-Juncal-en-Irun-1.jpg 479w, https:\/\/doloresherrero.com\/wp-content\/uploads\/Gargola-de-la-Parroquia-de-Nuestra-Senora-del-Juncal-en-Irun-1-400x516.jpg 480w\" sizes=\"(max-width:479px) 479px, 100vw\" title=\"\"><span class=\"et_overlay\" data-icon=\"\" data-icon-tablet=\"\" data-icon-phone=\"\"><\/span><\/a><\/div><h3 class=\"et_pb_gallery_title\">Church of Nuestra Se\u00f1ora del Juncal (Ir\u00fan, Guip\u00fazcoa, Spain)<\/h3><\/div><\/div><\/div><\/div><\/div><\/div>\n","protected":false},"excerpt":{"rendered":"","protected":false},"author":4,"featured_media":12373,"parent":16843,"menu_order":0,"comment_status":"closed","ping_status":"closed","template":"","meta":{"footnotes":""},"tags":[],"class_list":["post-17281","page","type-page","status-publish","has-post-thumbnail","hentry"],"_links":{"self":[{"href":"https:\/\/doloresherrero.com\/en\/wp-json\/wp\/v2\/pages\/17281","targetHints":{"allow":["GET"]}}],"collection":[{"href":"https:\/\/doloresherrero.com\/en\/wp-json\/wp\/v2\/pages"}],"about":[{"href":"https:\/\/doloresherrero.com\/en\/wp-json\/wp\/v2\/types\/page"}],"author":[{"embeddable":true,"href":"https:\/\/doloresherrero.com\/en\/wp-json\/wp\/v2\/users\/4"}],"replies":[{"embeddable":true,"href":"https:\/\/doloresherrero.com\/en\/wp-json\/wp\/v2\/comments?post=17281"}],"version-history":[{"count":3,"href":"https:\/\/doloresherrero.com\/en\/wp-json\/wp\/v2\/pages\/17281\/revisions"}],"predecessor-version":[{"id":20979,"href":"https:\/\/doloresherrero.com\/en\/wp-json\/wp\/v2\/pages\/17281\/revisions\/20979"}],"up":[{"embeddable":true,"href":"https:\/\/doloresherrero.com\/en\/wp-json\/wp\/v2\/pages\/16843"}],"wp:featuredmedia":[{"embeddable":true,"href":"https:\/\/doloresherrero.com\/en\/wp-json\/wp\/v2\/media\/12373"}],"wp:attachment":[{"href":"https:\/\/doloresherrero.com\/en\/wp-json\/wp\/v2\/media?parent=17281"}],"wp:term":[{"taxonomy":"post_tag","embeddable":true,"href":"https:\/\/doloresherrero.com\/en\/wp-json\/wp\/v2\/tags?post=17281"}],"curies":[{"name":"wp","href":"https:\/\/api.w.org\/{rel}","templated":true}]}}