{"id":17411,"date":"2025-09-16T16:59:19","date_gmt":"2025-09-16T14:59:19","guid":{"rendered":"https:\/\/doloresherrero.com\/gargoyles-around-the-world\/germany\/treveris\/"},"modified":"2026-04-16T14:35:31","modified_gmt":"2026-04-16T12:35:31","slug":"trier","status":"publish","type":"page","link":"https:\/\/doloresherrero.com\/en\/gargoyles-around-the-world\/germany\/trier\/","title":{"rendered":"Trier"},"content":{"rendered":"\n<div class=\"et_pb_section_0 et_pb_section et_section_regular et_block_section\"><div class=\"et_pb_row_0 et_pb_row et_block_row\"><div class=\"et_pb_column_0 et_pb_column et_pb_column_1_2 et_block_column et_pb_css_mix_blend_mode_passthrough\"><div class=\"et_pb_text_0 et_pb_text et_pb_bg_layout_light et_pb_module et_block_module\"><div class=\"et_pb_text_inner\"><h1>Gargoyles in Trier<\/h1>\n<\/div><\/div><\/div><div class=\"et_pb_column_1 et_pb_column et_pb_column_1_2 et-last-child et_block_column et_pb_column_empty et_pb_css_mix_blend_mode_passthrough\"><\/div><\/div><div class=\"et_pb_row_1 et_pb_row et_block_row\"><div class=\"et_pb_column_2 et_pb_column et_pb_column_4_4 et-last-child et_block_column et_pb_css_mix_blend_mode_passthrough\"><div class=\"et_pb_gallery_0 et_pb_gallery et_pb_bg_layout_light et_pb_gallery_grid et_pb_module\" data-auto-rotate=\"off\" data-auto-rotate-speed=\"\"><div class=\"et_pb_gallery_items et_post_gallery clearfix et_grid_module\" data-per_page=\"999\"><div class=\"et_pb_gallery_item et_pb_grid_item et_pb_gallery_item_0_0\"><div class=\"et_pb_gallery_image portrait\" data-per_page=\"999\"><a href=\"https:\/\/doloresherrero.com\/wp-content\/uploads\/D-_Usuarios_Lola-Herrero_Pictures_PAGINA-WEB_BLOG_ANO-2018_SEPTIEMBRE-2018_20-9-18-49_Gargola-de-la-Iglesia-de-Nuestra-Senora-de-Treveris-Alemania.jpg\" title=\"Church of Our Lady in Trier (Germany)\"><img loading=\"lazy\" decoding=\"async\" width=\"400\" height=\"516\" src=\"https:\/\/doloresherrero.com\/wp-content\/uploads\/D-_Usuarios_Lola-Herrero_Pictures_PAGINA-WEB_BLOG_ANO-2018_SEPTIEMBRE-2018_20-9-18-49_Gargola-de-la-Iglesia-de-Nuestra-Senora-de-Treveris-Alemania-400x516.jpg\" alt=\"Gargoyle of the Church of Our Lady of Trier (Germany). It is an anthropomorphic figure with a small creature.\" class=\"wp-image-13228\" srcset=\"https:\/\/doloresherrero.com\/wp-content\/uploads\/D-_Usuarios_Lola-Herrero_Pictures_PAGINA-WEB_BLOG_ANO-2018_SEPTIEMBRE-2018_20-9-18-49_Gargola-de-la-Iglesia-de-Nuestra-Senora-de-Treveris-Alemania.jpg 479w, https:\/\/doloresherrero.com\/wp-content\/uploads\/D-_Usuarios_Lola-Herrero_Pictures_PAGINA-WEB_BLOG_ANO-2018_SEPTIEMBRE-2018_20-9-18-49_Gargola-de-la-Iglesia-de-Nuestra-Senora-de-Treveris-Alemania-400x516.jpg 480w\" sizes=\"(max-width:479px) 479px, 100vw\" title=\"\"><span class=\"et_overlay\" data-icon=\"\" data-icon-tablet=\"\" data-icon-phone=\"\"><\/span><\/a><\/div><h3 class=\"et_pb_gallery_title\">Church of Our Lady in Trier (Germany)<\/h3><p class=\"et_pb_gallery_caption\">Church of Our Lady in Trier (Germany)<\/p><\/div><div class=\"et_pb_gallery_item et_pb_grid_item et_pb_gallery_item_0_1\"><div class=\"et_pb_gallery_image portrait\" data-per_page=\"999\"><a href=\"https:\/\/doloresherrero.com\/wp-content\/uploads\/D-_Usuarios_Lola-Herrero_Pictures_PAGINA-WEB_BLOG_ANO-2018_JULIO-2018_19-7-18_Gargola-de-la-Iglesia-de-Nuestra-Senora-de-Treveris-Alemania.jpg\" title=\"Church of Our Lady in Trier (Germany)\"><img loading=\"lazy\" decoding=\"async\" width=\"400\" height=\"516\" src=\"https:\/\/doloresherrero.com\/wp-content\/uploads\/D-_Usuarios_Lola-Herrero_Pictures_PAGINA-WEB_BLOG_ANO-2018_JULIO-2018_19-7-18_Gargola-de-la-Iglesia-de-Nuestra-Senora-de-Treveris-Alemania-400x516.jpg\" alt=\"Gargoyle on the Church of Our Lady in Trier (Germany). An anthropomorphic figure with a leonine mane.\" class=\"wp-image-12812\" srcset=\"https:\/\/doloresherrero.com\/wp-content\/uploads\/D-_Usuarios_Lola-Herrero_Pictures_PAGINA-WEB_BLOG_ANO-2018_JULIO-2018_19-7-18_Gargola-de-la-Iglesia-de-Nuestra-Senora-de-Treveris-Alemania.jpg 479w, https:\/\/doloresherrero.com\/wp-content\/uploads\/D-_Usuarios_Lola-Herrero_Pictures_PAGINA-WEB_BLOG_ANO-2018_JULIO-2018_19-7-18_Gargola-de-la-Iglesia-de-Nuestra-Senora-de-Treveris-Alemania-400x516.jpg 480w\" sizes=\"(max-width:479px) 479px, 100vw\" title=\"\"><span class=\"et_overlay\" data-icon=\"\" data-icon-tablet=\"\" data-icon-phone=\"\"><\/span><\/a><\/div><h3 class=\"et_pb_gallery_title\">Church of Our Lady in Trier (Germany)<\/h3><p class=\"et_pb_gallery_caption\">Church of Our Lady in Trier (Germany)<\/p><\/div><div class=\"et_pb_gallery_item et_pb_grid_item et_pb_gallery_item_0_2\"><div class=\"et_pb_gallery_image portrait\" data-per_page=\"999\"><a href=\"https:\/\/doloresherrero.com\/wp-content\/uploads\/Gargola-de-la-Iglesia-de-Nuestra-Senora-de-Treveris-Alemania-1.jpg\" title=\"Church of Our Lady in Trier (Germany)\"><img loading=\"lazy\" decoding=\"async\" width=\"400\" height=\"516\" src=\"https:\/\/doloresherrero.com\/wp-content\/uploads\/Gargola-de-la-Iglesia-de-Nuestra-Senora-de-Treveris-Alemania-1-400x516.jpg\" alt=\"Gargoyle on the Church of Our Lady in Trier (Germany). A human figure with one hand behind the ear.\" class=\"wp-image-12317\" srcset=\"https:\/\/doloresherrero.com\/wp-content\/uploads\/Gargola-de-la-Iglesia-de-Nuestra-Senora-de-Treveris-Alemania-1.jpg 479w, https:\/\/doloresherrero.com\/wp-content\/uploads\/Gargola-de-la-Iglesia-de-Nuestra-Senora-de-Treveris-Alemania-1-400x516.jpg 480w\" sizes=\"(max-width:479px) 479px, 100vw\" title=\"\"><span class=\"et_overlay\" data-icon=\"\" data-icon-tablet=\"\" data-icon-phone=\"\"><\/span><\/a><\/div><h3 class=\"et_pb_gallery_title\">Church of Our Lady in Trier (Germany)<\/h3><p class=\"et_pb_gallery_caption\">Church of Our Lady in Trier (Germany)<\/p><\/div><div class=\"et_pb_gallery_item et_pb_grid_item et_pb_gallery_item_0_3\"><div class=\"et_pb_gallery_image portrait\" data-per_page=\"999\"><a href=\"https:\/\/doloresherrero.com\/wp-content\/uploads\/Gargola-de-la-Iglesia-de-Nuestra-Senora-de-Treveris-Alemania.jpg\" title=\"Church of Our Lady in Trier (Germany)\"><img loading=\"lazy\" decoding=\"async\" width=\"400\" height=\"516\" src=\"https:\/\/doloresherrero.com\/wp-content\/uploads\/Gargola-de-la-Iglesia-de-Nuestra-Senora-de-Treveris-Alemania-400x516.jpg\" alt=\"Gargoyle on the Church of Our Lady in Trier (Germany). A man with his hands on his neck.\" class=\"wp-image-12041\" srcset=\"https:\/\/doloresherrero.com\/wp-content\/uploads\/Gargola-de-la-Iglesia-de-Nuestra-Senora-de-Treveris-Alemania.jpg 479w, https:\/\/doloresherrero.com\/wp-content\/uploads\/Gargola-de-la-Iglesia-de-Nuestra-Senora-de-Treveris-Alemania-400x516.jpg 480w\" sizes=\"(max-width:479px) 479px, 100vw\" title=\"\"><span class=\"et_overlay\" data-icon=\"\" data-icon-tablet=\"\" data-icon-phone=\"\"><\/span><\/a><\/div><h3 class=\"et_pb_gallery_title\">Church of Our Lady in Trier (Germany)<\/h3><p class=\"et_pb_gallery_caption\">Church of Our Lady in Trier (Germany)<\/p><\/div><div class=\"et_pb_gallery_item et_pb_grid_item et_pb_gallery_item_0_4\"><div class=\"et_pb_gallery_image portrait\" data-per_page=\"999\"><a href=\"https:\/\/doloresherrero.com\/wp-content\/uploads\/Gargola-de-la-Iglesia-de-Nuestra-Senora-de-Treveris-Alemania-2.jpg\" title=\"Church of Our Lady in Trier (Germany)\"><img loading=\"lazy\" decoding=\"async\" width=\"400\" height=\"516\" src=\"https:\/\/doloresherrero.com\/wp-content\/uploads\/Gargola-de-la-Iglesia-de-Nuestra-Senora-de-Treveris-Alemania-2-400x516.jpg\" alt=\"Gargoyle on the Church of Our Lady in Trier (Germany). A man pulling his mouth with his hands.\" class=\"wp-image-12039\" srcset=\"https:\/\/doloresherrero.com\/wp-content\/uploads\/Gargola-de-la-Iglesia-de-Nuestra-Senora-de-Treveris-Alemania-2.jpg 479w, https:\/\/doloresherrero.com\/wp-content\/uploads\/Gargola-de-la-Iglesia-de-Nuestra-Senora-de-Treveris-Alemania-2-400x516.jpg 480w\" sizes=\"(max-width:479px) 479px, 100vw\" title=\"\"><span class=\"et_overlay\" data-icon=\"\" data-icon-tablet=\"\" data-icon-phone=\"\"><\/span><\/a><\/div><h3 class=\"et_pb_gallery_title\">Church of Our Lady in Trier (Germany)<\/h3><\/div><div class=\"et_pb_gallery_item et_pb_grid_item et_pb_gallery_item_0_5\"><div class=\"et_pb_gallery_image portrait\" data-per_page=\"999\"><a href=\"https:\/\/doloresherrero.com\/wp-content\/uploads\/Iglesia-Nuestra-Senora-de-Treveris-Alemania.jpg\" title=\"Church of Our Lady (Trier, Germany)\"><img loading=\"lazy\" decoding=\"async\" width=\"400\" height=\"516\" src=\"https:\/\/doloresherrero.com\/wp-content\/uploads\/Iglesia-Nuestra-Senora-de-Treveris-Alemania-400x516.jpg\" alt=\"Gargoyle from the Church of Our Lady in Trier (Germany). It is a human figure with one hand behind the ear.\" class=\"wp-image-9171\" srcset=\"https:\/\/doloresherrero.com\/wp-content\/uploads\/Iglesia-Nuestra-Senora-de-Treveris-Alemania.jpg 479w, https:\/\/doloresherrero.com\/wp-content\/uploads\/Iglesia-Nuestra-Senora-de-Treveris-Alemania-400x516.jpg 480w\" sizes=\"(max-width:479px) 479px, 100vw\" title=\"\"><span class=\"et_overlay\" data-icon=\"\" data-icon-tablet=\"\" data-icon-phone=\"\"><\/span><\/a><\/div><h3 class=\"et_pb_gallery_title\">Church of Our Lady (Trier, Germany)<\/h3><\/div><div class=\"et_pb_gallery_item et_pb_grid_item et_pb_gallery_item_0_6\"><div class=\"et_pb_gallery_image portrait\" data-per_page=\"999\"><a href=\"https:\/\/doloresherrero.com\/wp-content\/uploads\/Iglesia-Nuestra-Senora-de-Treveris-Alemania-3.jpg\" title=\"Church of Our Lady in Trier (Germany)\"><img loading=\"lazy\" decoding=\"async\" width=\"400\" height=\"516\" src=\"https:\/\/doloresherrero.com\/wp-content\/uploads\/Iglesia-Nuestra-Senora-de-Treveris-Alemania-3-400x516.jpg\" alt=\"Gargoyle from the Church of Our Lady in Trier (Germany). It is a fantastic being.\" class=\"wp-image-8792\" srcset=\"https:\/\/doloresherrero.com\/wp-content\/uploads\/Iglesia-Nuestra-Senora-de-Treveris-Alemania-3.jpg 479w, https:\/\/doloresherrero.com\/wp-content\/uploads\/Iglesia-Nuestra-Senora-de-Treveris-Alemania-3-400x516.jpg 480w\" sizes=\"(max-width:479px) 479px, 100vw\" title=\"\"><span class=\"et_overlay\" data-icon=\"\" data-icon-tablet=\"\" data-icon-phone=\"\"><\/span><\/a><\/div><h3 class=\"et_pb_gallery_title\">Church of Our Lady in Trier (Germany)<\/h3><p class=\"et_pb_gallery_caption\">Church of Our Lady in Trier (Germany)<\/p><\/div><div class=\"et_pb_gallery_item et_pb_grid_item et_pb_gallery_item_0_7\"><div class=\"et_pb_gallery_image portrait\" data-per_page=\"999\"><a href=\"https:\/\/doloresherrero.com\/wp-content\/uploads\/Iglesia-Nuestra-Senora-de-Treveris-Alemania-2.jpg\" title=\"Church of Our Lady in Trier (Germany)\"><img loading=\"lazy\" decoding=\"async\" width=\"400\" height=\"516\" src=\"https:\/\/doloresherrero.com\/wp-content\/uploads\/Iglesia-Nuestra-Senora-de-Treveris-Alemania-2-400x516.jpg\" alt=\"Gargoyle from the Church of Our Lady in Trier (Germany). It is a fantastic being.\" class=\"wp-image-8790\" srcset=\"https:\/\/doloresherrero.com\/wp-content\/uploads\/Iglesia-Nuestra-Senora-de-Treveris-Alemania-2.jpg 479w, https:\/\/doloresherrero.com\/wp-content\/uploads\/Iglesia-Nuestra-Senora-de-Treveris-Alemania-2-400x516.jpg 480w\" sizes=\"(max-width:479px) 479px, 100vw\" title=\"\"><span class=\"et_overlay\" data-icon=\"\" data-icon-tablet=\"\" data-icon-phone=\"\"><\/span><\/a><\/div><h3 class=\"et_pb_gallery_title\">Church of Our Lady in Trier (Germany)<\/h3><p class=\"et_pb_gallery_caption\">Church of Our Lady in Trier (Germany)<\/p><\/div><div class=\"et_pb_gallery_item et_pb_grid_item et_pb_gallery_item_0_8\"><div class=\"et_pb_gallery_image portrait\" data-per_page=\"999\"><a href=\"https:\/\/doloresherrero.com\/wp-content\/uploads\/Iglesia-Nuestra-Senora-de-Treveris-Alemania-1.jpg\" title=\"Church of Our Lady in Trier (Germany)\"><img loading=\"lazy\" decoding=\"async\" width=\"400\" height=\"516\" src=\"https:\/\/doloresherrero.com\/wp-content\/uploads\/Iglesia-Nuestra-Senora-de-Treveris-Alemania-1-400x516.jpg\" alt=\"Gargoyle from the Church of Our Lady in Trier (Germany). It is an anthropomorph.\" class=\"wp-image-8788\" srcset=\"https:\/\/doloresherrero.com\/wp-content\/uploads\/Iglesia-Nuestra-Senora-de-Treveris-Alemania-1.jpg 479w, https:\/\/doloresherrero.com\/wp-content\/uploads\/Iglesia-Nuestra-Senora-de-Treveris-Alemania-1-400x516.jpg 480w\" sizes=\"(max-width:479px) 479px, 100vw\" title=\"\"><span class=\"et_overlay\" data-icon=\"\" data-icon-tablet=\"\" data-icon-phone=\"\"><\/span><\/a><\/div><h3 class=\"et_pb_gallery_title\">Church of Our Lady in Trier (Germany)<\/h3><p class=\"et_pb_gallery_caption\">Church of Our Lady in Trier (Germany)<\/p><\/div><div class=\"et_pb_gallery_item et_pb_grid_item et_pb_gallery_item_0_9\"><div class=\"et_pb_gallery_image portrait\" data-per_page=\"999\"><a href=\"https:\/\/doloresherrero.com\/wp-content\/uploads\/G\u00e1rgola-de-la-Iglesia-de-Nuestra-Se\u00f1ora-de-Tr\u00e9veris-Alemania.gif\" title=\"Church of Our Lady in Trier (Germany)\"><img loading=\"lazy\" decoding=\"async\" width=\"400\" height=\"516\" src=\"https:\/\/doloresherrero.com\/wp-content\/uploads\/G\u00e1rgola-de-la-Iglesia-de-Nuestra-Se\u00f1ora-de-Tr\u00e9veris-Alemania-400x516.gif\" alt=\"Gargoyle from the Church of Our Lady in Trier (Germany). It is a human figure.\" class=\"wp-image-6059\" srcset=\"https:\/\/doloresherrero.com\/wp-content\/uploads\/G\u00e1rgola-de-la-Iglesia-de-Nuestra-Se\u00f1ora-de-Tr\u00e9veris-Alemania.gif 479w, https:\/\/doloresherrero.com\/wp-content\/uploads\/G\u00e1rgola-de-la-Iglesia-de-Nuestra-Se\u00f1ora-de-Tr\u00e9veris-Alemania-400x516.gif 480w\" sizes=\"(max-width:479px) 479px, 100vw\" title=\"\"><span class=\"et_overlay\" data-icon=\"\" data-icon-tablet=\"\" data-icon-phone=\"\"><\/span><\/a><\/div><h3 class=\"et_pb_gallery_title\">Church of Our Lady in Trier (Germany)<\/h3><p class=\"et_pb_gallery_caption\">Church of Our Lady in Trier (Germany) <\/p><\/div><div class=\"et_pb_gallery_item et_pb_grid_item et_pb_gallery_item_0_10\"><div class=\"et_pb_gallery_image portrait\" data-per_page=\"999\"><a href=\"https:\/\/doloresherrero.com\/wp-content\/uploads\/Catedral-de-Treveris-Alemania.jpg\" title=\"Trier Cathedral (Germany)\"><img loading=\"lazy\" decoding=\"async\" width=\"400\" height=\"516\" src=\"https:\/\/doloresherrero.com\/wp-content\/uploads\/Catedral-de-Treveris-Alemania-400x516.jpg\" alt=\"Gargoyle from Trier Cathedral (Germany). It is a real animal: a dog.\" class=\"wp-image-9380\" srcset=\"https:\/\/doloresherrero.com\/wp-content\/uploads\/Catedral-de-Treveris-Alemania.jpg 479w, https:\/\/doloresherrero.com\/wp-content\/uploads\/Catedral-de-Treveris-Alemania-400x516.jpg 480w\" sizes=\"(max-width:479px) 479px, 100vw\" title=\"\"><span class=\"et_overlay\" data-icon=\"\" data-icon-tablet=\"\" data-icon-phone=\"\"><\/span><\/a><\/div><h3 class=\"et_pb_gallery_title\">Trier Cathedral (Germany)<\/h3><p class=\"et_pb_gallery_caption\">Trier Cathedral <\/p><\/div><div class=\"et_pb_gallery_item et_pb_grid_item et_pb_gallery_item_0_11\"><div class=\"et_pb_gallery_image portrait\" data-per_page=\"999\"><a href=\"https:\/\/doloresherrero.com\/wp-content\/uploads\/Gargola-de-la-Iglesia-de-Nuestra-Senora-de-Treveris-Alemania-3.jpg\" title=\"Church of St. Gangolf in Trier (Germany)\"><img loading=\"lazy\" decoding=\"async\" width=\"400\" height=\"516\" src=\"https:\/\/doloresherrero.com\/wp-content\/uploads\/Gargola-de-la-Iglesia-de-Nuestra-Senora-de-Treveris-Alemania-3-400x516.jpg\" alt=\"Gargoyle on the Church of Our Lady in Trier (Germany). A human figure with hands crossed over the chest.\" class=\"wp-image-12319\" srcset=\"https:\/\/doloresherrero.com\/wp-content\/uploads\/Gargola-de-la-Iglesia-de-Nuestra-Senora-de-Treveris-Alemania-3.jpg 479w, https:\/\/doloresherrero.com\/wp-content\/uploads\/Gargola-de-la-Iglesia-de-Nuestra-Senora-de-Treveris-Alemania-3-400x516.jpg 480w\" sizes=\"(max-width:479px) 479px, 100vw\" title=\"\"><span class=\"et_overlay\" data-icon=\"\" data-icon-tablet=\"\" data-icon-phone=\"\"><\/span><\/a><\/div><h3 class=\"et_pb_gallery_title\">Church of St. Gangolf in Trier (Germany)<\/h3><p class=\"et_pb_gallery_caption\">Church of Our Lady in Trier (Germany)<\/p><\/div><div class=\"et_pb_gallery_item et_pb_grid_item et_pb_gallery_item_0_12\"><div class=\"et_pb_gallery_image portrait\" data-per_page=\"999\"><a href=\"https:\/\/doloresherrero.com\/wp-content\/uploads\/Gargola-de-la-Iglesia-de-St.jpg\" title=\"Church of St. Gangolf in Trier (Germany)\"><img loading=\"lazy\" decoding=\"async\" width=\"400\" height=\"516\" src=\"https:\/\/doloresherrero.com\/wp-content\/uploads\/Gargola-de-la-Iglesia-de-St-400x516.jpg\" alt=\"Gargoyle on St. Gangolf Church in Trier (Germany). A male figure with his hands on his knees.\" class=\"wp-image-12321\" srcset=\"https:\/\/doloresherrero.com\/wp-content\/uploads\/Gargola-de-la-Iglesia-de-St.jpg 479w, https:\/\/doloresherrero.com\/wp-content\/uploads\/Gargola-de-la-Iglesia-de-St-400x516.jpg 480w\" sizes=\"(max-width:479px) 479px, 100vw\" title=\"\"><span class=\"et_overlay\" data-icon=\"\" data-icon-tablet=\"\" data-icon-phone=\"\"><\/span><\/a><\/div><h3 class=\"et_pb_gallery_title\">Church of St. Gangolf in Trier (Germany)<\/h3><p class=\"et_pb_gallery_caption\">Church of St. Gangolf in Trier (Germany)<\/p><\/div><\/div><\/div><\/div><\/div><\/div>\n","protected":false},"excerpt":{"rendered":"","protected":false},"author":4,"featured_media":12321,"parent":16871,"menu_order":0,"comment_status":"closed","ping_status":"closed","template":"","meta":{"footnotes":""},"tags":[1738,1749],"class_list":["post-17411","page","type-page","status-publish","has-post-thumbnail","hentry","tag-gargoyle-photos-germany","tag-trier-gargoyles"],"_links":{"self":[{"href":"https:\/\/doloresherrero.com\/en\/wp-json\/wp\/v2\/pages\/17411","targetHints":{"allow":["GET"]}}],"collection":[{"href":"https:\/\/doloresherrero.com\/en\/wp-json\/wp\/v2\/pages"}],"about":[{"href":"https:\/\/doloresherrero.com\/en\/wp-json\/wp\/v2\/types\/page"}],"author":[{"embeddable":true,"href":"https:\/\/doloresherrero.com\/en\/wp-json\/wp\/v2\/users\/4"}],"replies":[{"embeddable":true,"href":"https:\/\/doloresherrero.com\/en\/wp-json\/wp\/v2\/comments?post=17411"}],"version-history":[{"count":3,"href":"https:\/\/doloresherrero.com\/en\/wp-json\/wp\/v2\/pages\/17411\/revisions"}],"predecessor-version":[{"id":21005,"href":"https:\/\/doloresherrero.com\/en\/wp-json\/wp\/v2\/pages\/17411\/revisions\/21005"}],"up":[{"embeddable":true,"href":"https:\/\/doloresherrero.com\/en\/wp-json\/wp\/v2\/pages\/16871"}],"wp:featuredmedia":[{"embeddable":true,"href":"https:\/\/doloresherrero.com\/en\/wp-json\/wp\/v2\/media\/12321"}],"wp:attachment":[{"href":"https:\/\/doloresherrero.com\/en\/wp-json\/wp\/v2\/media?parent=17411"}],"wp:term":[{"taxonomy":"post_tag","embeddable":true,"href":"https:\/\/doloresherrero.com\/en\/wp-json\/wp\/v2\/tags?post=17411"}],"curies":[{"name":"wp","href":"https:\/\/api.w.org\/{rel}","templated":true}]}}