{"id":17728,"date":"2025-09-21T12:10:32","date_gmt":"2025-09-21T10:10:32","guid":{"rendered":"https:\/\/doloresherrero.com\/gargoyles-around-the-world\/portugal\/"},"modified":"2026-04-02T19:41:55","modified_gmt":"2026-04-02T17:41:55","slug":"portugal","status":"publish","type":"page","link":"https:\/\/doloresherrero.com\/en\/gargoyles-around-the-world\/portugal\/","title":{"rendered":"Portugal"},"content":{"rendered":"<p>[et_pb_section fb_built=&#8221;1&#8243; _builder_version=&#8221;4.27.4&#8243; _module_preset=&#8221;default&#8221; global_colors_info=&#8221;{}&#8221;][et_pb_row column_structure=&#8221;1_2,1_2&#8243; _builder_version=&#8221;4.27.4&#8243; _module_preset=&#8221;default&#8221; global_colors_info=&#8221;{}&#8221;][et_pb_column type=&#8221;1_2&#8243; _builder_version=&#8221;4.27.4&#8243; _module_preset=&#8221;default&#8221; global_colors_info=&#8221;{}&#8221;][et_pb_text _builder_version=&#8221;4.27.4&#8243; _module_preset=&#8221;default&#8221; header_font=&#8221;|700|||||||&#8221; header_font_size=&#8221;80px&#8221; header_font_size_tablet=&#8221;40px&#8221; header_font_size_phone=&#8221;40px&#8221; header_font_size_last_edited=&#8221;on|tablet&#8221; global_colors_info=&#8221;{}&#8221;]<\/p>\n<h1>Gargoyles in Portugal<\/h1>\n<p>[\/et_pb_text][\/et_pb_column][et_pb_column type=&#8221;1_2&#8243; _builder_version=&#8221;4.27.4&#8243; _module_preset=&#8221;default&#8221; global_colors_info=&#8221;{}&#8221;][\/et_pb_column][\/et_pb_row][et_pb_row _builder_version=&#8221;4.27.4&#8243; _module_preset=&#8221;default&#8221; global_colors_info=&#8221;{}&#8221;][et_pb_column type=&#8221;4_4&#8243; _builder_version=&#8221;4.27.4&#8243; _module_preset=&#8221;default&#8221; global_colors_info=&#8221;{}&#8221;][et_pb_code _builder_version=&#8221;4.27.4&#8243; _module_preset=&#8221;default&#8221; global_colors_info=&#8221;{}&#8221;]<div class=\"pt-cv-wrapper et_smooth_scroll_disabled\"><div class=\"pt-cv-view pt-cv-overlaygrid iscvblock iscvhybrid overlay1 layout1\" id=\"pt-cv-view-4b1bf03231\"><div data-id=\"pt-cv-page-1\" class=\"pt-cv-page\" data-cvc=\"4\"><div class=\" pt-cv-content-item pt-cv-1-col\" ><div class=\"pt-cv-thumb-wrapper  \"><a href=\"https:\/\/doloresherrero.com\/en\/gargoyles-around-the-world\/portugal\/alcobaca\/\" class=\"_self pt-cv-href-thumbnail pt-cv-thumb-default\" target=\"_self\" ><img loading=\"lazy\" decoding=\"async\" width=\"500\" height=\"375\" src=\"https:\/\/doloresherrero.com\/wp-content\/uploads\/28-3-500x375.jpg\" class=\"pt-cv-thumbnail\" alt=\"Gargoyle from the Monastery of Alcoba\u00e7a (Portugal). A real animal: a fish.\" srcset=\"https:\/\/doloresherrero.com\/wp-content\/uploads\/28-3-500x375.jpg 500w, https:\/\/doloresherrero.com\/wp-content\/uploads\/28-3-480x360.jpg 480w\" sizes=\"(min-width: 0px) and (max-width: 480px) 480px, (min-width: 481px) 500px, 100vw\" title=\"\"><\/a><\/div>\n<div class=\"pt-cv-overlay-wrapper\"><h2 class=\"pt-cv-title\"><a href=\"https:\/\/doloresherrero.com\/en\/gargoyles-around-the-world\/portugal\/alcobaca\/\" class=\"_self\" target=\"_self\" >Alcoba\u00e7a<\/a><\/h2><div class=\"pt-cv-content\"><div class=\"pt-cv-rmwrap\"><a href=\"https:\/\/doloresherrero.com\/en\/gargoyles-around-the-world\/portugal\/alcobaca\/\" class=\"_self pt-cv-readmore btn btn-success\" target=\"_self\">Discover<\/a><\/div><\/div><\/div><\/div>\n<div class=\" pt-cv-content-item pt-cv-1-col\" ><div class=\"pt-cv-thumb-wrapper  \"><a href=\"https:\/\/doloresherrero.com\/en\/gargoyles-around-the-world\/portugal\/batalha\/\" class=\"_self pt-cv-href-thumbnail pt-cv-thumb-default\" target=\"_self\" ><img loading=\"lazy\" decoding=\"async\" width=\"500\" height=\"375\" src=\"https:\/\/doloresherrero.com\/wp-content\/uploads\/Gargola-del-Monasterio-de-Batalha-Portugal-2-3-500x375.jpg\" class=\"pt-cv-thumbnail\" alt=\"Gargoyle of the Monastery of Batalha (Portugal). It is an anthropomorphic demon with a hand in its mouth and double hooves.\" srcset=\"https:\/\/doloresherrero.com\/wp-content\/uploads\/Gargola-del-Monasterio-de-Batalha-Portugal-2-3-500x375.jpg 500w, https:\/\/doloresherrero.com\/wp-content\/uploads\/Gargola-del-Monasterio-de-Batalha-Portugal-2-3-480x360.jpg 480w\" sizes=\"(min-width: 0px) and (max-width: 480px) 480px, (min-width: 481px) 500px, 100vw\" title=\"\"><\/a><\/div>\n<div class=\"pt-cv-overlay-wrapper\"><h2 class=\"pt-cv-title\"><a href=\"https:\/\/doloresherrero.com\/en\/gargoyles-around-the-world\/portugal\/batalha\/\" class=\"_self\" target=\"_self\" >Batalha<\/a><\/h2><div class=\"pt-cv-content\"><div class=\"pt-cv-rmwrap\"><a href=\"https:\/\/doloresherrero.com\/en\/gargoyles-around-the-world\/portugal\/batalha\/\" class=\"_self pt-cv-readmore btn btn-success\" target=\"_self\">Discover<\/a><\/div><\/div><\/div><\/div>\n<div class=\" pt-cv-content-item pt-cv-1-col\" ><div class=\"pt-cv-thumb-wrapper  \"><a href=\"https:\/\/doloresherrero.com\/en\/gargoyles-around-the-world\/portugal\/braga\/\" class=\"_self pt-cv-href-thumbnail pt-cv-thumb-default\" target=\"_self\" ><img loading=\"lazy\" decoding=\"async\" width=\"500\" height=\"281\" src=\"https:\/\/doloresherrero.com\/wp-content\/uploads\/Catedral-Braga-Portugal-309-500x281.jpg\" class=\"pt-cv-thumbnail\" alt=\"Gargoyle on the Cathedral of Braga (Portugal). A real animal: a bird.\" srcset=\"https:\/\/doloresherrero.com\/wp-content\/uploads\/Catedral-Braga-Portugal-309-500x281.jpg 500w, https:\/\/doloresherrero.com\/wp-content\/uploads\/Catedral-Braga-Portugal-309-480x270.jpg 480w\" sizes=\"(min-width: 0px) and (max-width: 480px) 480px, (min-width: 481px) 500px, 100vw\" title=\"\"><\/a><\/div>\n<div class=\"pt-cv-overlay-wrapper\"><h2 class=\"pt-cv-title\"><a href=\"https:\/\/doloresherrero.com\/en\/gargoyles-around-the-world\/portugal\/braga\/\" class=\"_self\" target=\"_self\" >Braga<\/a><\/h2><div class=\"pt-cv-content\"><div class=\"pt-cv-rmwrap\"><a href=\"https:\/\/doloresherrero.com\/en\/gargoyles-around-the-world\/portugal\/braga\/\" class=\"_self pt-cv-readmore btn btn-success\" target=\"_self\">Discover<\/a><\/div><\/div><\/div><\/div>\n<div class=\" pt-cv-content-item pt-cv-1-col\" ><div class=\"pt-cv-thumb-wrapper  \"><a href=\"https:\/\/doloresherrero.com\/en\/gargoyles-around-the-world\/portugal\/caldas-da-rainha\/\" class=\"_self pt-cv-href-thumbnail pt-cv-thumb-default\" target=\"_self\" ><img loading=\"lazy\" decoding=\"async\" width=\"500\" height=\"375\" src=\"https:\/\/doloresherrero.com\/wp-content\/uploads\/Iglesia-de-Nossa-Senhora-do-Populo-Coto-e-Sao-Gregorio-en-Caldas-da-Rainha-Portugal-2-500x375.jpg\" class=\"pt-cv-thumbnail\" alt=\"Gargoyle on the Church of Nossa Senhora do P\u00f3pulo, Coto e S\u00e3o Greg\u00f3rio (Caldas da Rainha, Portugal). A demon with breasts.\" srcset=\"https:\/\/doloresherrero.com\/wp-content\/uploads\/Iglesia-de-Nossa-Senhora-do-Populo-Coto-e-Sao-Gregorio-en-Caldas-da-Rainha-Portugal-2-500x375.jpg 500w, https:\/\/doloresherrero.com\/wp-content\/uploads\/Iglesia-de-Nossa-Senhora-do-Populo-Coto-e-Sao-Gregorio-en-Caldas-da-Rainha-Portugal-2-480x360.jpg 480w\" sizes=\"(min-width: 0px) and (max-width: 480px) 480px, (min-width: 481px) 500px, 100vw\" title=\"\"><\/a><\/div>\n<div class=\"pt-cv-overlay-wrapper\"><h2 class=\"pt-cv-title\"><a href=\"https:\/\/doloresherrero.com\/en\/gargoyles-around-the-world\/portugal\/caldas-da-rainha\/\" class=\"_self\" target=\"_self\" >Caldas da Rainha<\/a><\/h2><div class=\"pt-cv-content\"><div class=\"pt-cv-rmwrap\"><a href=\"https:\/\/doloresherrero.com\/en\/gargoyles-around-the-world\/portugal\/caldas-da-rainha\/\" class=\"_self pt-cv-readmore btn btn-success\" target=\"_self\">Discover<\/a><\/div><\/div><\/div><\/div>\n<div class=\" pt-cv-content-item pt-cv-1-col\" ><div class=\"pt-cv-thumb-wrapper  \"><a href=\"https:\/\/doloresherrero.com\/en\/gargoyles-around-the-world\/portugal\/guarda\/\" class=\"_self pt-cv-href-thumbnail pt-cv-thumb-default\" target=\"_self\" ><img loading=\"lazy\" decoding=\"async\" width=\"500\" height=\"375\" src=\"https:\/\/doloresherrero.com\/wp-content\/uploads\/D-_Usuarios_Lola-Herrero_Pictures_PAGINA-WEB_BLOG_ANO-2018_JULIO-2018_19-7-18_Gargola-de-la-Catedral-de-Guarda-Portugal-2-500x375.jpg\" class=\"pt-cv-thumbnail\" alt=\"Gargoyle on Guarda Cathedral (Portugal). An anthropomorphic figure with a draconic body.\" srcset=\"https:\/\/doloresherrero.com\/wp-content\/uploads\/D-_Usuarios_Lola-Herrero_Pictures_PAGINA-WEB_BLOG_ANO-2018_JULIO-2018_19-7-18_Gargola-de-la-Catedral-de-Guarda-Portugal-2-500x375.jpg 500w, https:\/\/doloresherrero.com\/wp-content\/uploads\/D-_Usuarios_Lola-Herrero_Pictures_PAGINA-WEB_BLOG_ANO-2018_JULIO-2018_19-7-18_Gargola-de-la-Catedral-de-Guarda-Portugal-2-480x360.jpg 480w\" sizes=\"(min-width: 0px) and (max-width: 480px) 480px, (min-width: 481px) 500px, 100vw\" title=\"\"><\/a><\/div>\n<div class=\"pt-cv-overlay-wrapper\"><h2 class=\"pt-cv-title\"><a href=\"https:\/\/doloresherrero.com\/en\/gargoyles-around-the-world\/portugal\/guarda\/\" class=\"_self\" target=\"_self\" >Guarda<\/a><\/h2><div class=\"pt-cv-content\"><div class=\"pt-cv-rmwrap\"><a href=\"https:\/\/doloresherrero.com\/en\/gargoyles-around-the-world\/portugal\/guarda\/\" class=\"_self pt-cv-readmore btn btn-success\" target=\"_self\">Discover<\/a><\/div><\/div><\/div><\/div>\n<div class=\" pt-cv-content-item pt-cv-1-col\" ><div class=\"pt-cv-thumb-wrapper  \"><a href=\"https:\/\/doloresherrero.com\/en\/gargoyles-around-the-world\/portugal\/lisbon\/\" class=\"_self pt-cv-href-thumbnail pt-cv-thumb-default\" target=\"_self\" ><img loading=\"lazy\" decoding=\"async\" width=\"500\" height=\"375\" src=\"https:\/\/doloresherrero.com\/wp-content\/uploads\/Monasterio-de-los-Jeronimos-Lisboa-Portugal-4-500x375.jpg\" class=\"pt-cv-thumbnail\" alt=\"Gargoyle on the Jer\u00f3nimos Monastery of Lisbon (Portugal). A real animal: a monkey.\" srcset=\"https:\/\/doloresherrero.com\/wp-content\/uploads\/Monasterio-de-los-Jeronimos-Lisboa-Portugal-4-500x375.jpg 500w, https:\/\/doloresherrero.com\/wp-content\/uploads\/Monasterio-de-los-Jeronimos-Lisboa-Portugal-4-480x360.jpg 480w\" sizes=\"(min-width: 0px) and (max-width: 480px) 480px, (min-width: 481px) 500px, 100vw\" title=\"\"><\/a><\/div>\n<div class=\"pt-cv-overlay-wrapper\"><h2 class=\"pt-cv-title\"><a href=\"https:\/\/doloresherrero.com\/en\/gargoyles-around-the-world\/portugal\/lisbon\/\" class=\"_self\" target=\"_self\" >Lisbon<\/a><\/h2><div class=\"pt-cv-content\"><div class=\"pt-cv-rmwrap\"><a href=\"https:\/\/doloresherrero.com\/en\/gargoyles-around-the-world\/portugal\/lisbon\/\" class=\"_self pt-cv-readmore btn btn-success\" target=\"_self\">Discover<\/a><\/div><\/div><\/div><\/div>\n<div class=\" pt-cv-content-item pt-cv-1-col\" ><div class=\"pt-cv-thumb-wrapper  \"><a href=\"https:\/\/doloresherrero.com\/en\/gargoyles-around-the-world\/portugal\/sintra\/\" class=\"_self pt-cv-href-thumbnail pt-cv-thumb-default\" target=\"_self\" ><img loading=\"lazy\" decoding=\"async\" width=\"500\" height=\"375\" src=\"https:\/\/doloresherrero.com\/wp-content\/uploads\/Palacio-de-Regaleira-Sintra-Portugal-500x375.jpg\" class=\"pt-cv-thumbnail\" alt=\"Geometric gargoyle from the Regaleira Palace in Sintra (Portugal).\" srcset=\"https:\/\/doloresherrero.com\/wp-content\/uploads\/Palacio-de-Regaleira-Sintra-Portugal-500x375.jpg 500w, https:\/\/doloresherrero.com\/wp-content\/uploads\/Palacio-de-Regaleira-Sintra-Portugal-480x360.jpg 480w\" sizes=\"(min-width: 0px) and (max-width: 480px) 480px, (min-width: 481px) 500px, 100vw\" title=\"\"><\/a><\/div>\n<div class=\"pt-cv-overlay-wrapper\"><h2 class=\"pt-cv-title\"><a href=\"https:\/\/doloresherrero.com\/en\/gargoyles-around-the-world\/portugal\/sintra\/\" class=\"_self\" target=\"_self\" >Sintra<\/a><\/h2><div class=\"pt-cv-content\"><div class=\"pt-cv-rmwrap\"><a href=\"https:\/\/doloresherrero.com\/en\/gargoyles-around-the-world\/portugal\/sintra\/\" class=\"_self pt-cv-readmore btn btn-success\" target=\"_self\">Discover<\/a><\/div><\/div><\/div><\/div>\n<div class=\" pt-cv-content-item pt-cv-1-col\" ><div class=\"pt-cv-thumb-wrapper  \"><a href=\"https:\/\/doloresherrero.com\/en\/gargoyles-around-the-world\/portugal\/tomar\/\" class=\"_self pt-cv-href-thumbnail pt-cv-thumb-default\" target=\"_self\" ><img loading=\"lazy\" decoding=\"async\" width=\"500\" height=\"375\" src=\"https:\/\/doloresherrero.com\/wp-content\/uploads\/P1090622-500x375.jpg\" class=\"pt-cv-thumbnail\" alt=\"Gargoyle from the Convent of Christ of Tomar (Portugal). An anthropomorphic figure.\" srcset=\"https:\/\/doloresherrero.com\/wp-content\/uploads\/P1090622-500x375.jpg 500w, https:\/\/doloresherrero.com\/wp-content\/uploads\/P1090622-480x360.jpg 480w\" sizes=\"(min-width: 0px) and (max-width: 480px) 480px, (min-width: 481px) 500px, 100vw\" title=\"\"><\/a><\/div>\n<div class=\"pt-cv-overlay-wrapper\"><h2 class=\"pt-cv-title\"><a href=\"https:\/\/doloresherrero.com\/en\/gargoyles-around-the-world\/portugal\/tomar\/\" class=\"_self\" target=\"_self\" >Tomar<\/a><\/h2><div class=\"pt-cv-content\"><div class=\"pt-cv-rmwrap\"><a href=\"https:\/\/doloresherrero.com\/en\/gargoyles-around-the-world\/portugal\/tomar\/\" class=\"_self pt-cv-readmore btn btn-success\" target=\"_self\">Discover<\/a><\/div><\/div><\/div><\/div><\/div><\/div><\/div>\t\t\t<style type=\"text\/css\" id=\"pt-cv-inline-style-01bd3e68ri\">#pt-cv-view-4b1bf03231 .pt-cv-thumb-wrapper::before {background: rgba(0,0,0,.4); opacity: 0.8;}#pt-cv-view-4b1bf03231 .pt-cv-overlay-wrapper {justify-content: flex-end;}\n#pt-cv-view-4b1bf03231 > .pt-cv-page {grid-template-columns: repeat(4, 1fr);grid-auto-rows: 250px;grid-gap: 15px;}\n@media all and (max-width: 1024px) { \n#pt-cv-view-4b1bf03231 > .pt-cv-page {grid-template-columns: repeat(1, 1fr);}\n} \n@media all and (max-width: 767px) { \n#pt-cv-view-4b1bf03231 > .pt-cv-page {grid-template-columns: repeat(1, 1fr);}\n} <\/style>\r\n\t\t\t[\/et_pb_code][\/et_pb_column][\/et_pb_row][\/et_pb_section]<\/p>\n","protected":false},"excerpt":{"rendered":"<p>Gargoyles in Portugal<div class=\"pt-cv-wrapper et_smooth_scroll_disabled\"><div class=\"pt-cv-view pt-cv-overlaygrid iscvblock iscvhybrid overlay1 layout1\" id=\"pt-cv-view-4b1bf03231\"><div data-id=\"pt-cv-page-1\" class=\"pt-cv-page\" data-cvc=\"4\"><div class=\" pt-cv-content-item pt-cv-1-col\" ><div class=\"pt-cv-thumb-wrapper  \"><a href=\"https:\/\/doloresherrero.com\/en\/gargoyles-around-the-world\/portugal\/alcobaca\/\" class=\"_self pt-cv-href-thumbnail pt-cv-thumb-default\" target=\"_self\" ><img width=\"500\" height=\"375\" src=\"https:\/\/doloresherrero.com\/wp-content\/uploads\/28-3-500x375.jpg\" class=\"pt-cv-thumbnail\" alt=\"Gargoyle from the Monastery of Alcoba\u00e7a (Portugal). A real animal: a fish.\" decoding=\"async\" loading=\"lazy\" srcset=\"https:\/\/doloresherrero.com\/wp-content\/uploads\/28-3-500x375.jpg 500w, https:\/\/doloresherrero.com\/wp-content\/uploads\/28-3-480x360.jpg 480w\" sizes=\"(min-width: 0px) and (max-width: 480px) 480px, (min-width: 481px) 500px, 100vw\" \/><\/a><\/div>\n<div class=\"pt-cv-overlay-wrapper\"><h2 class=\"pt-cv-title\"><a href=\"https:\/\/doloresherrero.com\/en\/gargoyles-around-the-world\/portugal\/alcobaca\/\" class=\"_self\" target=\"_self\" >Alcoba\u00e7a<\/a><\/h2><div class=\"pt-cv-content\"><div class=\"pt-cv-rmwrap\"><a href=\"https:\/\/doloresherrero.com\/en\/gargoyles-around-the-world\/portugal\/alcobaca\/\" class=\"_self pt-cv-readmore btn btn-success\" target=\"_self\">Discover<\/a><\/div><\/div><\/div><\/div>\n<div class=\" pt-cv-content-item pt-cv-1-col\" ><div class=\"pt-cv-thumb-wrapper  \"><a href=\"https:\/\/doloresherrero.com\/en\/gargoyles-around-the-world\/portugal\/batalha\/\" class=\"_self pt-cv-href-thumbnail pt-cv-thumb-default\" target=\"_self\" ><img width=\"500\" height=\"375\" src=\"https:\/\/doloresherrero.com\/wp-content\/uploads\/Gargola-del-Monasterio-de-Batalha-Portugal-2-3-500x375.jpg\" class=\"pt-cv-thumbnail\" alt=\"Gargoyle of the Monastery of Batalha (Portugal). It is an anthropomorphic demon with a hand in its mouth and double hooves.\" decoding=\"async\" loading=\"lazy\" srcset=\"https:\/\/doloresherrero.com\/wp-content\/uploads\/Gargola-del-Monasterio-de-Batalha-Portugal-2-3-500x375.jpg 500w, https:\/\/doloresherrero.com\/wp-content\/uploads\/Gargola-del-Monasterio-de-Batalha-Portugal-2-3-480x360.jpg 480w\" sizes=\"(min-width: 0px) and (max-width: 480px) 480px, (min-width: 481px) 500px, 100vw\" \/><\/a><\/div>\n<div class=\"pt-cv-overlay-wrapper\"><h2 class=\"pt-cv-title\"><a href=\"https:\/\/doloresherrero.com\/en\/gargoyles-around-the-world\/portugal\/batalha\/\" class=\"_self\" target=\"_self\" >Batalha<\/a><\/h2><div class=\"pt-cv-content\"><div class=\"pt-cv-rmwrap\"><a href=\"https:\/\/doloresherrero.com\/en\/gargoyles-around-the-world\/portugal\/batalha\/\" class=\"_self pt-cv-readmore btn btn-success\" target=\"_self\">Discover<\/a><\/div><\/div><\/div><\/div>\n<div class=\" pt-cv-content-item pt-cv-1-col\" ><div class=\"pt-cv-thumb-wrapper  \"><a href=\"https:\/\/doloresherrero.com\/en\/gargoyles-around-the-world\/portugal\/braga\/\" class=\"_self pt-cv-href-thumbnail pt-cv-thumb-default\" target=\"_self\" ><img width=\"500\" height=\"281\" src=\"https:\/\/doloresherrero.com\/wp-content\/uploads\/Catedral-Braga-Portugal-309-500x281.jpg\" class=\"pt-cv-thumbnail\" alt=\"Gargoyle on the Cathedral of Braga (Portugal). A real animal: a bird.\" decoding=\"async\" loading=\"lazy\" srcset=\"https:\/\/doloresherrero.com\/wp-content\/uploads\/Catedral-Braga-Portugal-309-500x281.jpg 500w, https:\/\/doloresherrero.com\/wp-content\/uploads\/Catedral-Braga-Portugal-309-480x270.jpg 480w\" sizes=\"(min-width: 0px) and (max-width: 480px) 480px, (min-width: 481px) 500px, 100vw\" \/><\/a><\/div>\n<div class=\"pt-cv-overlay-wrapper\"><h2 class=\"pt-cv-title\"><a href=\"https:\/\/doloresherrero.com\/en\/gargoyles-around-the-world\/portugal\/braga\/\" class=\"_self\" target=\"_self\" >Braga<\/a><\/h2><div class=\"pt-cv-content\"><div class=\"pt-cv-rmwrap\"><a href=\"https:\/\/doloresherrero.com\/en\/gargoyles-around-the-world\/portugal\/braga\/\" class=\"_self pt-cv-readmore btn btn-success\" target=\"_self\">Discover<\/a><\/div><\/div><\/div><\/div>\n<div class=\" pt-cv-content-item pt-cv-1-col\" ><div class=\"pt-cv-thumb-wrapper  \"><a href=\"https:\/\/doloresherrero.com\/en\/gargoyles-around-the-world\/portugal\/caldas-da-rainha\/\" class=\"_self pt-cv-href-thumbnail pt-cv-thumb-default\" target=\"_self\" ><img width=\"500\" height=\"375\" src=\"https:\/\/doloresherrero.com\/wp-content\/uploads\/Iglesia-de-Nossa-Senhora-do-Populo-Coto-e-Sao-Gregorio-en-Caldas-da-Rainha-Portugal-2-500x375.jpg\" class=\"pt-cv-thumbnail\" alt=\"Gargoyle on the Church of Nossa Senhora do P\u00f3pulo, Coto e S\u00e3o Greg\u00f3rio (Caldas da Rainha, Portugal). A demon with breasts.\" decoding=\"async\" loading=\"lazy\" srcset=\"https:\/\/doloresherrero.com\/wp-content\/uploads\/Iglesia-de-Nossa-Senhora-do-Populo-Coto-e-Sao-Gregorio-en-Caldas-da-Rainha-Portugal-2-500x375.jpg 500w, https:\/\/doloresherrero.com\/wp-content\/uploads\/Iglesia-de-Nossa-Senhora-do-Populo-Coto-e-Sao-Gregorio-en-Caldas-da-Rainha-Portugal-2-480x360.jpg 480w\" sizes=\"(min-width: 0px) and (max-width: 480px) 480px, (min-width: 481px) 500px, 100vw\" \/><\/a><\/div>\n<div class=\"pt-cv-overlay-wrapper\"><h2 class=\"pt-cv-title\"><a href=\"https:\/\/doloresherrero.com\/en\/gargoyles-around-the-world\/portugal\/caldas-da-rainha\/\" class=\"_self\" target=\"_self\" >Caldas da Rainha<\/a><\/h2><div class=\"pt-cv-content\"><div class=\"pt-cv-rmwrap\"><a href=\"https:\/\/doloresherrero.com\/en\/gargoyles-around-the-world\/portugal\/caldas-da-rainha\/\" class=\"_self pt-cv-readmore btn btn-success\" target=\"_self\">Discover<\/a><\/div><\/div><\/div><\/div>\n<div class=\" pt-cv-content-item pt-cv-1-col\" ><div class=\"pt-cv-thumb-wrapper  \"><a href=\"https:\/\/doloresherrero.com\/en\/gargoyles-around-the-world\/portugal\/guarda\/\" class=\"_self pt-cv-href-thumbnail pt-cv-thumb-default\" target=\"_self\" ><img width=\"500\" height=\"375\" src=\"https:\/\/doloresherrero.com\/wp-content\/uploads\/D-_Usuarios_Lola-Herrero_Pictures_PAGINA-WEB_BLOG_ANO-2018_JULIO-2018_19-7-18_Gargola-de-la-Catedral-de-Guarda-Portugal-2-500x375.jpg\" class=\"pt-cv-thumbnail\" alt=\"Gargoyle on Guarda Cathedral (Portugal). An anthropomorphic figure with a draconic body.\" decoding=\"async\" loading=\"lazy\" srcset=\"https:\/\/doloresherrero.com\/wp-content\/uploads\/D-_Usuarios_Lola-Herrero_Pictures_PAGINA-WEB_BLOG_ANO-2018_JULIO-2018_19-7-18_Gargola-de-la-Catedral-de-Guarda-Portugal-2-500x375.jpg 500w, https:\/\/doloresherrero.com\/wp-content\/uploads\/D-_Usuarios_Lola-Herrero_Pictures_PAGINA-WEB_BLOG_ANO-2018_JULIO-2018_19-7-18_Gargola-de-la-Catedral-de-Guarda-Portugal-2-480x360.jpg 480w\" sizes=\"(min-width: 0px) and (max-width: 480px) 480px, (min-width: 481px) 500px, 100vw\" \/><\/a><\/div>\n<div class=\"pt-cv-overlay-wrapper\"><h2 class=\"pt-cv-title\"><a href=\"https:\/\/doloresherrero.com\/en\/gargoyles-around-the-world\/portugal\/guarda\/\" class=\"_self\" target=\"_self\" >Guarda<\/a><\/h2><div class=\"pt-cv-content\"><div class=\"pt-cv-rmwrap\"><a href=\"https:\/\/doloresherrero.com\/en\/gargoyles-around-the-world\/portugal\/guarda\/\" class=\"_self pt-cv-readmore btn btn-success\" target=\"_self\">Discover<\/a><\/div><\/div><\/div><\/div>\n<div class=\" pt-cv-content-item pt-cv-1-col\" ><div class=\"pt-cv-thumb-wrapper  \"><a href=\"https:\/\/doloresherrero.com\/en\/gargoyles-around-the-world\/portugal\/lisbon\/\" class=\"_self pt-cv-href-thumbnail pt-cv-thumb-default\" target=\"_self\" ><img width=\"500\" height=\"375\" src=\"https:\/\/doloresherrero.com\/wp-content\/uploads\/Monasterio-de-los-Jeronimos-Lisboa-Portugal-4-500x375.jpg\" class=\"pt-cv-thumbnail\" alt=\"Gargoyle on the Jer\u00f3nimos Monastery of Lisbon (Portugal). A real animal: a monkey.\" decoding=\"async\" loading=\"lazy\" srcset=\"https:\/\/doloresherrero.com\/wp-content\/uploads\/Monasterio-de-los-Jeronimos-Lisboa-Portugal-4-500x375.jpg 500w, https:\/\/doloresherrero.com\/wp-content\/uploads\/Monasterio-de-los-Jeronimos-Lisboa-Portugal-4-480x360.jpg 480w\" sizes=\"(min-width: 0px) and (max-width: 480px) 480px, (min-width: 481px) 500px, 100vw\" \/><\/a><\/div>\n<div class=\"pt-cv-overlay-wrapper\"><h2 class=\"pt-cv-title\"><a href=\"https:\/\/doloresherrero.com\/en\/gargoyles-around-the-world\/portugal\/lisbon\/\" class=\"_self\" target=\"_self\" >Lisbon<\/a><\/h2><div class=\"pt-cv-content\"><div class=\"pt-cv-rmwrap\"><a href=\"https:\/\/doloresherrero.com\/en\/gargoyles-around-the-world\/portugal\/lisbon\/\" class=\"_self pt-cv-readmore btn btn-success\" target=\"_self\">Discover<\/a><\/div><\/div><\/div><\/div>\n<div class=\" pt-cv-content-item pt-cv-1-col\" ><div class=\"pt-cv-thumb-wrapper  \"><a href=\"https:\/\/doloresherrero.com\/en\/gargoyles-around-the-world\/portugal\/sintra\/\" class=\"_self pt-cv-href-thumbnail pt-cv-thumb-default\" target=\"_self\" ><img width=\"500\" height=\"375\" src=\"https:\/\/doloresherrero.com\/wp-content\/uploads\/Palacio-de-Regaleira-Sintra-Portugal-500x375.jpg\" class=\"pt-cv-thumbnail\" alt=\"Geometric gargoyle from the Regaleira Palace in Sintra (Portugal).\" decoding=\"async\" loading=\"lazy\" srcset=\"https:\/\/doloresherrero.com\/wp-content\/uploads\/Palacio-de-Regaleira-Sintra-Portugal-500x375.jpg 500w, https:\/\/doloresherrero.com\/wp-content\/uploads\/Palacio-de-Regaleira-Sintra-Portugal-480x360.jpg 480w\" sizes=\"(min-width: 0px) and (max-width: 480px) 480px, (min-width: 481px) 500px, 100vw\" \/><\/a><\/div>\n<div class=\"pt-cv-overlay-wrapper\"><h2 class=\"pt-cv-title\"><a href=\"https:\/\/doloresherrero.com\/en\/gargoyles-around-the-world\/portugal\/sintra\/\" class=\"_self\" target=\"_self\" >Sintra<\/a><\/h2><div class=\"pt-cv-content\"><div class=\"pt-cv-rmwrap\"><a href=\"https:\/\/doloresherrero.com\/en\/gargoyles-around-the-world\/portugal\/sintra\/\" class=\"_self pt-cv-readmore btn btn-success\" target=\"_self\">Discover<\/a><\/div><\/div><\/div><\/div>\n<div class=\" pt-cv-content-item pt-cv-1-col\" ><div class=\"pt-cv-thumb-wrapper  \"><a href=\"https:\/\/doloresherrero.com\/en\/gargoyles-around-the-world\/portugal\/tomar\/\" class=\"_self pt-cv-href-thumbnail pt-cv-thumb-default\" target=\"_self\" ><img width=\"500\" height=\"375\" src=\"https:\/\/doloresherrero.com\/wp-content\/uploads\/P1090622-500x375.jpg\" class=\"pt-cv-thumbnail\" alt=\"Gargoyle from the Convent of Christ of Tomar (Portugal). An anthropomorphic figure.\" decoding=\"async\" loading=\"lazy\" srcset=\"https:\/\/doloresherrero.com\/wp-content\/uploads\/P1090622-500x375.jpg 500w, https:\/\/doloresherrero.com\/wp-content\/uploads\/P1090622-480x360.jpg 480w\" sizes=\"(min-width: 0px) and (max-width: 480px) 480px, (min-width: 481px) 500px, 100vw\" \/><\/a><\/div>\n<div class=\"pt-cv-overlay-wrapper\"><h2 class=\"pt-cv-title\"><a href=\"https:\/\/doloresherrero.com\/en\/gargoyles-around-the-world\/portugal\/tomar\/\" class=\"_self\" target=\"_self\" >Tomar<\/a><\/h2><div class=\"pt-cv-content\"><div class=\"pt-cv-rmwrap\"><a href=\"https:\/\/doloresherrero.com\/en\/gargoyles-around-the-world\/portugal\/tomar\/\" class=\"_self pt-cv-readmore btn btn-success\" target=\"_self\">Discover<\/a><\/div><\/div><\/div><\/div><\/div><\/div><\/div>\t\t\t<style type=\"text\/css\" id=\"pt-cv-inline-style-ea3e898416\">#pt-cv-view-4b1bf03231 .pt-cv-thumb-wrapper::before {background: rgba(0,0,0,.4); opacity: 0.8;}#pt-cv-view-4b1bf03231 .pt-cv-overlay-wrapper {justify-content: flex-end;}\n#pt-cv-view-4b1bf03231 > .pt-cv-page {grid-template-columns: repeat(4, 1fr);grid-auto-rows: 250px;grid-gap: 15px;}\n@media all and (max-width: 1024px) { \n#pt-cv-view-4b1bf03231 > .pt-cv-page {grid-template-columns: repeat(1, 1fr);}\n} \n@media all and (max-width: 767px) { \n#pt-cv-view-4b1bf03231 > .pt-cv-page {grid-template-columns: repeat(1, 1fr);}\n} <\/style>\r\n\t\t\t<\/p>\n","protected":false},"author":4,"featured_media":12327,"parent":16845,"menu_order":0,"comment_status":"closed","ping_status":"closed","template":"","meta":{"_et_pb_use_builder":"on","_et_pb_old_content":"","_et_gb_content_width":"","footnotes":""},"tags":[1798,1796,1799,1795,1797,3027],"class_list":["post-17728","page","type-page","status-publish","has-post-thumbnail","hentry","tag-gargoyles-alcobaca","tag-gargoyles-batalha","tag-gargoyles-heritage-portugal","tag-gargoyles-lisbon","tag-gargoyles-mafra","tag-portugal"],"_links":{"self":[{"href":"https:\/\/doloresherrero.com\/en\/wp-json\/wp\/v2\/pages\/17728","targetHints":{"allow":["GET"]}}],"collection":[{"href":"https:\/\/doloresherrero.com\/en\/wp-json\/wp\/v2\/pages"}],"about":[{"href":"https:\/\/doloresherrero.com\/en\/wp-json\/wp\/v2\/types\/page"}],"author":[{"embeddable":true,"href":"https:\/\/doloresherrero.com\/en\/wp-json\/wp\/v2\/users\/4"}],"replies":[{"embeddable":true,"href":"https:\/\/doloresherrero.com\/en\/wp-json\/wp\/v2\/comments?post=17728"}],"version-history":[{"count":1,"href":"https:\/\/doloresherrero.com\/en\/wp-json\/wp\/v2\/pages\/17728\/revisions"}],"predecessor-version":[{"id":20443,"href":"https:\/\/doloresherrero.com\/en\/wp-json\/wp\/v2\/pages\/17728\/revisions\/20443"}],"up":[{"embeddable":true,"href":"https:\/\/doloresherrero.com\/en\/wp-json\/wp\/v2\/pages\/16845"}],"wp:featuredmedia":[{"embeddable":true,"href":"https:\/\/doloresherrero.com\/en\/wp-json\/wp\/v2\/media\/12327"}],"wp:attachment":[{"href":"https:\/\/doloresherrero.com\/en\/wp-json\/wp\/v2\/media?parent=17728"}],"wp:term":[{"taxonomy":"post_tag","embeddable":true,"href":"https:\/\/doloresherrero.com\/en\/wp-json\/wp\/v2\/tags?post=17728"}],"curies":[{"name":"wp","href":"https:\/\/api.w.org\/{rel}","templated":true}]}}