{"id":17821,"date":"2025-09-22T17:03:59","date_gmt":"2025-09-22T15:03:59","guid":{"rendered":"https:\/\/doloresherrero.com\/gargoyles-around-the-world\/portugal\/caldas-da-rainha\/"},"modified":"2026-04-16T14:42:18","modified_gmt":"2026-04-16T12:42:18","slug":"caldas-da-rainha","status":"publish","type":"page","link":"https:\/\/doloresherrero.com\/en\/gargoyles-around-the-world\/portugal\/caldas-da-rainha\/","title":{"rendered":"Caldas da Rainha"},"content":{"rendered":"\n<div class=\"et_pb_section_0 et_pb_section et_section_regular et_block_section\"><div class=\"et_pb_row_0 et_pb_row et_block_row\"><div class=\"et_pb_column_0 et_pb_column et_pb_column_1_2 et_block_column et_pb_css_mix_blend_mode_passthrough\"><div class=\"et_pb_text_0 et_pb_text et_pb_bg_layout_light et_pb_module et_block_module\"><div class=\"et_pb_text_inner\"><h1>Gargoyles in Caldas da Rainha<\/h1>\n<\/div><\/div><\/div><div class=\"et_pb_column_1 et_pb_column et_pb_column_1_2 et-last-child et_block_column et_pb_column_empty et_pb_css_mix_blend_mode_passthrough\"><\/div><\/div><div class=\"et_pb_row_1 et_pb_row et_block_row\"><div class=\"et_pb_column_2 et_pb_column et_pb_column_4_4 et-last-child et_block_column et_pb_css_mix_blend_mode_passthrough\"><div class=\"et_pb_gallery_0 et_pb_gallery et_pb_bg_layout_light et_pb_gallery_grid et_pb_module\" data-auto-rotate=\"off\" data-auto-rotate-speed=\"\"><div class=\"et_pb_gallery_items et_post_gallery clearfix et_grid_module\" data-per_page=\"999\"><div class=\"et_pb_gallery_item et_pb_grid_item et_pb_gallery_item_0_0\"><div class=\"et_pb_gallery_image portrait\" data-per_page=\"999\"><a href=\"https:\/\/doloresherrero.com\/wp-content\/uploads\/Iglesia-de-Nossa-Senhora-do-Populo-Coto-e-Sao-Gregorio-en-Caldas-da-Rainha-Portugal-1-1.jpg\" title=\"Church of Nossa Senhora do P\u00f3pulo, Coto e S\u00e3o Greg\u00f3rio in Caldas da Rainha (Portugal)\"><img loading=\"lazy\" decoding=\"async\" width=\"400\" height=\"516\" src=\"https:\/\/doloresherrero.com\/wp-content\/uploads\/Iglesia-de-Nossa-Senhora-do-Populo-Coto-e-Sao-Gregorio-en-Caldas-da-Rainha-Portugal-1-1-400x516.jpg\" alt=\"Gargoyle on the Church of Nossa Senhora do P\u00f3pulo, Coto e S\u00e3o Greg\u00f3rio in Caldas da Rainha (Portugal). An anthropomorphic figure.\" class=\"wp-image-12779\" srcset=\"https:\/\/doloresherrero.com\/wp-content\/uploads\/Iglesia-de-Nossa-Senhora-do-Populo-Coto-e-Sao-Gregorio-en-Caldas-da-Rainha-Portugal-1-1.jpg 479w, https:\/\/doloresherrero.com\/wp-content\/uploads\/Iglesia-de-Nossa-Senhora-do-Populo-Coto-e-Sao-Gregorio-en-Caldas-da-Rainha-Portugal-1-1-400x516.jpg 480w\" sizes=\"(max-width:479px) 479px, 100vw\" title=\"\"><span class=\"et_overlay\" data-icon=\"\" data-icon-tablet=\"\" data-icon-phone=\"\"><\/span><\/a><\/div><h3 class=\"et_pb_gallery_title\">Church of Nossa Senhora do P\u00f3pulo, Coto e S\u00e3o Greg\u00f3rio in Caldas da Rainha (Portugal)<\/h3><p class=\"et_pb_gallery_caption\">Church of Nossa Senhora do P\u00f3pulo, Coto e S\u00e3o Greg\u00f3rio in Caldas da Rainha (Portugal) <\/p><\/div><div class=\"et_pb_gallery_item et_pb_grid_item et_pb_gallery_item_0_1\"><div class=\"et_pb_gallery_image portrait\" data-per_page=\"999\"><a href=\"https:\/\/doloresherrero.com\/wp-content\/uploads\/Iglesia-de-Nossa-Senhora-do-Populo-Coto-e-Sao-Gregorio-en-Caldas-da-Rainha-Portugal-.jpg\" title=\"Church of Nossa Senhora do P\u00f3pulo, Coto e S\u00e3o Greg\u00f3rio in Caldas da Rainha (Portugal)\"><img loading=\"lazy\" decoding=\"async\" width=\"400\" height=\"516\" src=\"https:\/\/doloresherrero.com\/wp-content\/uploads\/Iglesia-de-Nossa-Senhora-do-Populo-Coto-e-Sao-Gregorio-en-Caldas-da-Rainha-Portugal--400x516.jpg\" alt=\"Gargoyle on the Church of Nossa Senhora do P\u00f3pulo, Coto e S\u00e3o Greg\u00f3rio in Caldas da Rainha (Portugal). A man pulling his beard.\" class=\"wp-image-12059\" srcset=\"https:\/\/doloresherrero.com\/wp-content\/uploads\/Iglesia-de-Nossa-Senhora-do-Populo-Coto-e-Sao-Gregorio-en-Caldas-da-Rainha-Portugal-.jpg 479w, https:\/\/doloresherrero.com\/wp-content\/uploads\/Iglesia-de-Nossa-Senhora-do-Populo-Coto-e-Sao-Gregorio-en-Caldas-da-Rainha-Portugal--400x516.jpg 480w\" sizes=\"(max-width:479px) 479px, 100vw\" title=\"\"><span class=\"et_overlay\" data-icon=\"\" data-icon-tablet=\"\" data-icon-phone=\"\"><\/span><\/a><\/div><h3 class=\"et_pb_gallery_title\">Church of Nossa Senhora do P\u00f3pulo, Coto e S\u00e3o Greg\u00f3rio in Caldas da Rainha (Portugal)<\/h3><p class=\"et_pb_gallery_caption\">Church of Nossa Senhora do P\u00f3pulo, Coto e S\u00e3o Greg\u00f3rio in Caldas da Rainha (Portugal)<\/p><\/div><div class=\"et_pb_gallery_item et_pb_grid_item et_pb_gallery_item_0_2\"><div class=\"et_pb_gallery_image portrait\" data-per_page=\"999\"><a href=\"https:\/\/doloresherrero.com\/wp-content\/uploads\/Iglesia-de-Nossa-Senhora-do-Populo-Coto-e-Sao-Gregorio-en-Caldas-da-Rainha-Portugal.jpg\" title=\"Church of Nossa Senhora do P\u00f3pulo, Coto e S\u00e3o Greg\u00f3rio in Caldas da Rainha (Portugal)\"><img loading=\"lazy\" decoding=\"async\" width=\"400\" height=\"516\" src=\"https:\/\/doloresherrero.com\/wp-content\/uploads\/Iglesia-de-Nossa-Senhora-do-Populo-Coto-e-Sao-Gregorio-en-Caldas-da-Rainha-Portugal-400x516.jpg\" alt=\"Gargoyle on the Church of Nossa Senhora do P\u00f3pulo, Coto e S\u00e3o Greg\u00f3rio in Caldas da Rainha (Portugal). An anthropomorphic figure.\" class=\"wp-image-12057\" srcset=\"https:\/\/doloresherrero.com\/wp-content\/uploads\/Iglesia-de-Nossa-Senhora-do-Populo-Coto-e-Sao-Gregorio-en-Caldas-da-Rainha-Portugal.jpg 479w, https:\/\/doloresherrero.com\/wp-content\/uploads\/Iglesia-de-Nossa-Senhora-do-Populo-Coto-e-Sao-Gregorio-en-Caldas-da-Rainha-Portugal-400x516.jpg 480w\" sizes=\"(max-width:479px) 479px, 100vw\" title=\"\"><span class=\"et_overlay\" data-icon=\"\" data-icon-tablet=\"\" data-icon-phone=\"\"><\/span><\/a><\/div><h3 class=\"et_pb_gallery_title\">Church of Nossa Senhora do P\u00f3pulo, Coto e S\u00e3o Greg\u00f3rio in Caldas da Rainha (Portugal)<\/h3><p class=\"et_pb_gallery_caption\">Church of Nossa Senhora do P\u00f3pulo, Coto e S\u00e3o Greg\u00f3rio in Caldas da Rainha (Portugal)<\/p><\/div><div class=\"et_pb_gallery_item et_pb_grid_item et_pb_gallery_item_0_3\"><div class=\"et_pb_gallery_image portrait\" data-per_page=\"999\"><a href=\"https:\/\/doloresherrero.com\/wp-content\/uploads\/Iglesia-de-Nossa-Senhora-do-Populo-Coto-e-Sao-Gregorio-en-Caldas-da-Rainha-Portugal-2.jpg\" title=\"Church of Nossa Senhora do P\u00f3pulo, Coto and S\u00e3o Greg\u00f3rio (Caldas da Rainha, Portugal)\"><img loading=\"lazy\" decoding=\"async\" width=\"400\" height=\"516\" src=\"https:\/\/doloresherrero.com\/wp-content\/uploads\/Iglesia-de-Nossa-Senhora-do-Populo-Coto-e-Sao-Gregorio-en-Caldas-da-Rainha-Portugal-2-400x516.jpg\" alt=\"Gargoyle on the Church of Nossa Senhora do P\u00f3pulo, Coto e S\u00e3o Greg\u00f3rio (Caldas da Rainha, Portugal). A demon with breasts.\" class=\"wp-image-11066\" srcset=\"https:\/\/doloresherrero.com\/wp-content\/uploads\/Iglesia-de-Nossa-Senhora-do-Populo-Coto-e-Sao-Gregorio-en-Caldas-da-Rainha-Portugal-2.jpg 479w, https:\/\/doloresherrero.com\/wp-content\/uploads\/Iglesia-de-Nossa-Senhora-do-Populo-Coto-e-Sao-Gregorio-en-Caldas-da-Rainha-Portugal-2-400x516.jpg 480w\" sizes=\"(max-width:479px) 479px, 100vw\" title=\"\"><span class=\"et_overlay\" data-icon=\"\" data-icon-tablet=\"\" data-icon-phone=\"\"><\/span><\/a><\/div><h3 class=\"et_pb_gallery_title\">Church of Nossa Senhora do P\u00f3pulo, Coto and S\u00e3o Greg\u00f3rio (Caldas da Rainha, Portugal)<\/h3><\/div><div class=\"et_pb_gallery_item et_pb_grid_item et_pb_gallery_item_0_4\"><div class=\"et_pb_gallery_image portrait\" data-per_page=\"999\"><a href=\"https:\/\/doloresherrero.com\/wp-content\/uploads\/Iglesia-de-Nossa-Senhora-do-Populo-Coto-e-Sao-Gregorio-Caldas-da-Rainha-Portugal.jpg\" title=\"Church of Nossa Senhora do P\u00f3pulo, Coto e S\u00e3o Greg\u00f3rio in Caldas da Rainha (Portugal)\"><img loading=\"lazy\" decoding=\"async\" width=\"400\" height=\"516\" src=\"https:\/\/doloresherrero.com\/wp-content\/uploads\/Iglesia-de-Nossa-Senhora-do-Populo-Coto-e-Sao-Gregorio-Caldas-da-Rainha-Portugal-400x516.jpg\" alt=\"Gargoyle on the Church of Nossa Senhora do P\u00f3pulo, Coto e S\u00e3o Greg\u00f3rio (Caldas da Rainha, Portugal). A real animal: a bat.\" class=\"wp-image-10278\" srcset=\"https:\/\/doloresherrero.com\/wp-content\/uploads\/Iglesia-de-Nossa-Senhora-do-Populo-Coto-e-Sao-Gregorio-Caldas-da-Rainha-Portugal.jpg 479w, https:\/\/doloresherrero.com\/wp-content\/uploads\/Iglesia-de-Nossa-Senhora-do-Populo-Coto-e-Sao-Gregorio-Caldas-da-Rainha-Portugal-400x516.jpg 480w\" sizes=\"(max-width:479px) 479px, 100vw\" title=\"\"><span class=\"et_overlay\" data-icon=\"\" data-icon-tablet=\"\" data-icon-phone=\"\"><\/span><\/a><\/div><h3 class=\"et_pb_gallery_title\">Church of Nossa Senhora do P\u00f3pulo, Coto e S\u00e3o Greg\u00f3rio in Caldas da Rainha (Portugal)<\/h3><p class=\"et_pb_gallery_caption\">Church of Nossa Senhora do P\u00f3pulo, Coto e S\u00e3o Greg\u00f3rio in Caldas da Rainha (Portugal)<\/p><\/div><\/div><\/div><\/div><\/div><\/div>\n","protected":false},"excerpt":{"rendered":"","protected":false},"author":2,"featured_media":11066,"parent":17728,"menu_order":0,"comment_status":"closed","ping_status":"closed","template":"","meta":{"footnotes":""},"tags":[3036,3038,3037],"class_list":["post-17821","page","type-page","status-publish","has-post-thumbnail","hentry","tag-caldas-da-rainha","tag-gargolas-de-portugal","tag-gargolas-patrimonio-portugues"],"_links":{"self":[{"href":"https:\/\/doloresherrero.com\/en\/wp-json\/wp\/v2\/pages\/17821","targetHints":{"allow":["GET"]}}],"collection":[{"href":"https:\/\/doloresherrero.com\/en\/wp-json\/wp\/v2\/pages"}],"about":[{"href":"https:\/\/doloresherrero.com\/en\/wp-json\/wp\/v2\/types\/page"}],"author":[{"embeddable":true,"href":"https:\/\/doloresherrero.com\/en\/wp-json\/wp\/v2\/users\/2"}],"replies":[{"embeddable":true,"href":"https:\/\/doloresherrero.com\/en\/wp-json\/wp\/v2\/comments?post=17821"}],"version-history":[{"count":3,"href":"https:\/\/doloresherrero.com\/en\/wp-json\/wp\/v2\/pages\/17821\/revisions"}],"predecessor-version":[{"id":21096,"href":"https:\/\/doloresherrero.com\/en\/wp-json\/wp\/v2\/pages\/17821\/revisions\/21096"}],"up":[{"embeddable":true,"href":"https:\/\/doloresherrero.com\/en\/wp-json\/wp\/v2\/pages\/17728"}],"wp:featuredmedia":[{"embeddable":true,"href":"https:\/\/doloresherrero.com\/en\/wp-json\/wp\/v2\/media\/11066"}],"wp:attachment":[{"href":"https:\/\/doloresherrero.com\/en\/wp-json\/wp\/v2\/media?parent=17821"}],"wp:term":[{"taxonomy":"post_tag","embeddable":true,"href":"https:\/\/doloresherrero.com\/en\/wp-json\/wp\/v2\/tags?post=17821"}],"curies":[{"name":"wp","href":"https:\/\/api.w.org\/{rel}","templated":true}]}}