{"id":19394,"date":"2026-02-28T17:54:03","date_gmt":"2026-02-28T16:54:03","guid":{"rendered":"https:\/\/doloresherrero.com\/videos-interviews\/video-entrevista-al-escultor-jose-miguel-abril\/"},"modified":"2026-02-28T18:36:26","modified_gmt":"2026-02-28T17:36:26","slug":"video-interview-with-sculptor-jose-miguel-abril","status":"publish","type":"page","link":"https:\/\/doloresherrero.com\/en\/videos-interviews\/video-interview-with-sculptor-jose-miguel-abril\/","title":{"rendered":"Interview with sculptor Jos\u00e9 Miguel Abril"},"content":{"rendered":"<p><!-- VIDEO BLOCK --><\/p>\n<div style=\"position: relative; padding-bottom: 56.25%; height: 0; overflow: hidden; max-width: 100%; margin-bottom: 1.5rem;\"><iframe style=\"position: absolute; top: 0; left: 0; width: 100%; height: 100%; border: 0;\" title=\"Interview with sculptor Jos\u00e9 Miguel Abril\" src=\"https:\/\/www.youtube.com\/embed\/Z8HiXNUY6Wk\" frameborder=\"0\" allowfullscreen=\"allowfullscreen\"><\/iframe><\/div>\n<p><!-- DESCRIPTION --><\/p>\n<p style=\"text-align: justify; margin-bottom: 25px;\">Conversation with <a href=\"https:\/\/doloresherrero.com\/en\/the-gargoyles-and-its-creator\/\">sculptor<\/a> Jos\u00e9 Miguel Abril, who discusses his recent work creating <a href=\"https:\/\/doloresherrero.com\/en\/the-gargoyles\/\">gargoyles<\/a> for the Gothic Tower of the church of Santa Mar\u00eda la Mayor in Alca\u00f1iz, Teruel (Spain). In this interview, he explains the creative process, the technical and artistic challenges involved, and the meaning of introducing new sculptural figures into a historic building in dialogue with the medieval tradition.<\/p>\n<p><!-- COPYRIGHT NOTICE --><\/p>\n<hr style=\"border: none; border-top: 1px solid #cccccc; margin: 30px auto 15px; width: 50%;\" \/>\n<div style=\"text-align: center; font-size: 13px; color: #777777; line-height: 1.4; font-style: italic; margin-bottom: 30px;\">The video on this page is the property of <strong>Dolores Herrero \u00a9 doloresherrero.com<\/strong>.<br \/>\nProtected by copyright.<br \/>\nFor academic, outreach, editorial, or any other use, please contact by email:<br \/>\n<a style=\"color: #777777; text-decoration: underline;\" href=\"mailto:lola@doloresherrero.com\">lola@doloresherrero.com<\/a>.<\/div>\n","protected":false},"excerpt":{"rendered":"<p>Conversation with sculptor Jos\u00e9 Miguel Abril, who discusses his recent work creating gargoyles for the Gothic Tower of the church of Santa Mar\u00eda la Mayor in Alca\u00f1iz, Teruel (Spain). In this interview, he explains the creative process, the technical and artistic challenges involved, and the meaning of introducing new sculptural figures into a historic building [&hellip;]<\/p>\n","protected":false},"author":4,"featured_media":7585,"parent":15546,"menu_order":0,"comment_status":"closed","ping_status":"closed","template":"","meta":{"_et_pb_use_builder":"","_et_pb_old_content":"","_et_gb_content_width":"","footnotes":""},"tags":[2875,2872,2871,2873,2874],"class_list":["post-19394","page","type-page","status-publish","has-post-thumbnail","hentry","tag-architectural-sculpture-interview","tag-contemporary-gargoyles-spain","tag-gargoyle-sculptor-interview","tag-gargoyles-alcaniz","tag-sculptural-restoration"],"_links":{"self":[{"href":"https:\/\/doloresherrero.com\/en\/wp-json\/wp\/v2\/pages\/19394","targetHints":{"allow":["GET"]}}],"collection":[{"href":"https:\/\/doloresherrero.com\/en\/wp-json\/wp\/v2\/pages"}],"about":[{"href":"https:\/\/doloresherrero.com\/en\/wp-json\/wp\/v2\/types\/page"}],"author":[{"embeddable":true,"href":"https:\/\/doloresherrero.com\/en\/wp-json\/wp\/v2\/users\/4"}],"replies":[{"embeddable":true,"href":"https:\/\/doloresherrero.com\/en\/wp-json\/wp\/v2\/comments?post=19394"}],"version-history":[{"count":3,"href":"https:\/\/doloresherrero.com\/en\/wp-json\/wp\/v2\/pages\/19394\/revisions"}],"predecessor-version":[{"id":19398,"href":"https:\/\/doloresherrero.com\/en\/wp-json\/wp\/v2\/pages\/19394\/revisions\/19398"}],"up":[{"embeddable":true,"href":"https:\/\/doloresherrero.com\/en\/wp-json\/wp\/v2\/pages\/15546"}],"wp:featuredmedia":[{"embeddable":true,"href":"https:\/\/doloresherrero.com\/en\/wp-json\/wp\/v2\/media\/7585"}],"wp:attachment":[{"href":"https:\/\/doloresherrero.com\/en\/wp-json\/wp\/v2\/media?parent=19394"}],"wp:term":[{"taxonomy":"post_tag","embeddable":true,"href":"https:\/\/doloresherrero.com\/en\/wp-json\/wp\/v2\/tags?post=19394"}],"curies":[{"name":"wp","href":"https:\/\/api.w.org\/{rel}","templated":true}]}}