{"id":20265,"date":"2026-03-26T11:18:09","date_gmt":"2026-03-26T10:18:09","guid":{"rendered":"https:\/\/doloresherrero.com\/gargoyles-in-spain\/huelva\/"},"modified":"2026-04-16T14:44:55","modified_gmt":"2026-04-16T12:44:55","slug":"huelva","status":"publish","type":"page","link":"https:\/\/doloresherrero.com\/en\/gargoyles-in-spain\/huelva\/","title":{"rendered":"Huelva"},"content":{"rendered":"\n<div class=\"et_pb_section_0 et_pb_section et_section_regular et_block_section\"><div class=\"et_pb_row_0 et_pb_row et_block_row\"><div class=\"et_pb_column_0 et_pb_column et_pb_column_1_2 et_block_column et_pb_css_mix_blend_mode_passthrough\"><div class=\"et_pb_text_0 et_pb_text et_pb_bg_layout_light et_pb_module et_block_module\"><div class=\"et_pb_text_inner\"><h1>Gargoyles in Huelva<\/h1>\n<\/div><\/div><\/div><div class=\"et_pb_column_1 et_pb_column et_pb_column_1_2 et-last-child et_block_column et_pb_column_empty et_pb_css_mix_blend_mode_passthrough\"><\/div><\/div><div class=\"et_pb_row_1 et_pb_row et_block_row\"><div class=\"et_pb_column_2 et_pb_column et_pb_column_4_4 et-last-child et_block_column et_pb_css_mix_blend_mode_passthrough\"><div class=\"et_pb_text_1 et_pb_text et_pb_bg_layout_light et_pb_module et_block_module\"><div class=\"et_pb_text_inner\"><p data-start=\"242\" data-end=\"609\">The <strong data-start=\"246\" data-end=\"285\">gargoyles in the province of Huelva<\/strong> are part of the sculptural tradition that has accompanied architecture as a functional solution for water drainage and as a means of symbolic expression. These figures, present in different building contexts, reflect the continuity of iconographic models and their adaptation to diverse historical and artistic realities.<\/p>\n<p data-start=\"616\" data-end=\"869\">The photographic archive documents gargoyles across the province, among which those of the locality of <a href=\"https:\/\/doloresherrero.com\/en\/gargoyles-aroche-huelva\/\"><strong data-start=\"719\" data-end=\"729\">Aroche<\/strong><\/a> stand out, where a group of particular interest is preserved due to its value within the context of the architectural heritage of Huelva.<\/p>\n<p data-start=\"876\" data-end=\"1077\">Some of these gargoyles can be explored in greater depth in the blog post devoted to this enclave, where their iconography is analysed and contextualised within their artistic and historical framework.<\/p>\n<\/div><\/div><div class=\"et_pb_text_2 et_pb_text et_pb_bg_layout_light et_pb_module et_block_module\"><div class=\"et_pb_text_inner\"><p>The following gallery presents a selection of gargoyles in Huelva, documented photographically in various buildings across the province, among which the locality of Aroche stands out.<\/p>\n<p>&nbsp;<\/p>\n<\/div><\/div><div class=\"et_pb_gallery_0 et_pb_gallery et_pb_bg_layout_light et_pb_gallery_grid et_pb_module\" data-auto-rotate=\"off\" data-auto-rotate-speed=\"\"><div class=\"et_pb_gallery_items et_post_gallery clearfix et_grid_module\" data-per_page=\"999\"><div class=\"et_pb_gallery_item et_pb_grid_item et_pb_gallery_item_0_0\"><div class=\"et_pb_gallery_image portrait\" data-per_page=\"999\"><a href=\"https:\/\/doloresherrero.com\/wp-content\/uploads\/Iglesia-de-Nuestra-Senora-de-la-Asuncion-de-Aroche-Huelva-13-5.jpg\" title=\"Church of Nuestra Se\u00f1ora de la Asunci\u00f3n in Aroche (Huelva, Spain)\"><img loading=\"lazy\" decoding=\"async\" width=\"400\" height=\"516\" src=\"https:\/\/doloresherrero.com\/wp-content\/uploads\/Iglesia-de-Nuestra-Senora-de-la-Asuncion-de-Aroche-Huelva-13-5-400x516.jpg\" alt=\"Gargoyle of the Church of Nuestra Se\u00f1ora de la Asunci\u00f3n in Aroche (Huelva, Spain). It is a real animal: a bird with magnificent carving.\" class=\"wp-image-19243\" srcset=\"https:\/\/doloresherrero.com\/wp-content\/uploads\/Iglesia-de-Nuestra-Senora-de-la-Asuncion-de-Aroche-Huelva-13-5.jpg 479w, https:\/\/doloresherrero.com\/wp-content\/uploads\/Iglesia-de-Nuestra-Senora-de-la-Asuncion-de-Aroche-Huelva-13-5-400x516.jpg 480w\" sizes=\"(max-width:479px) 479px, 100vw\" title=\"\"><span class=\"et_overlay\" data-icon=\"\" data-icon-tablet=\"\" data-icon-phone=\"\"><\/span><\/a><\/div><h3 class=\"et_pb_gallery_title\">Church of Nuestra Se\u00f1ora de la Asunci\u00f3n in Aroche (Huelva, Spain)<\/h3><\/div><div class=\"et_pb_gallery_item et_pb_grid_item et_pb_gallery_item_0_1\"><div class=\"et_pb_gallery_image portrait\" data-per_page=\"999\"><a href=\"https:\/\/doloresherrero.com\/wp-content\/uploads\/Iglesia-de-Nuestra-Senora-de-la-Asuncion-de-Aroche-Huelva-13-4.jpg\" title=\"Church of Nuestra Se\u00f1ora de la Asunci\u00f3n in Aroche (Huelva, Spain)\"><img loading=\"lazy\" decoding=\"async\" width=\"400\" height=\"516\" src=\"https:\/\/doloresherrero.com\/wp-content\/uploads\/Iglesia-de-Nuestra-Senora-de-la-Asuncion-de-Aroche-Huelva-13-4-400x516.jpg\" alt=\"Gargoyle of the Church of Nuestra Se\u00f1ora de la Asunci\u00f3n in Aroche (Huelva, Spain). It is a real animal: a bird.\" class=\"wp-image-19241\" srcset=\"https:\/\/doloresherrero.com\/wp-content\/uploads\/Iglesia-de-Nuestra-Senora-de-la-Asuncion-de-Aroche-Huelva-13-4.jpg 479w, https:\/\/doloresherrero.com\/wp-content\/uploads\/Iglesia-de-Nuestra-Senora-de-la-Asuncion-de-Aroche-Huelva-13-4-400x516.jpg 480w\" sizes=\"(max-width:479px) 479px, 100vw\" title=\"\"><span class=\"et_overlay\" data-icon=\"\" data-icon-tablet=\"\" data-icon-phone=\"\"><\/span><\/a><\/div><h3 class=\"et_pb_gallery_title\">Church of Nuestra Se\u00f1ora de la Asunci\u00f3n in Aroche (Huelva, Spain)<\/h3><\/div><div class=\"et_pb_gallery_item et_pb_grid_item et_pb_gallery_item_0_2\"><div class=\"et_pb_gallery_image portrait\" data-per_page=\"999\"><a href=\"https:\/\/doloresherrero.com\/wp-content\/uploads\/Iglesia-de-Nuestra-Senora-de-la-Asuncion-de-Aroche-Huelva-12-8.jpg\" title=\"Church of Nuestra Se\u00f1ora de la Asunci\u00f3n in Aroche (Huelva, Spain)\"><img loading=\"lazy\" decoding=\"async\" width=\"400\" height=\"516\" src=\"https:\/\/doloresherrero.com\/wp-content\/uploads\/Iglesia-de-Nuestra-Senora-de-la-Asuncion-de-Aroche-Huelva-12-8-400x516.jpg\" alt=\"Gargoyle of the Church of Nuestra Se\u00f1ora de la Asunci\u00f3n in Aroche (Huelva, Spain). It is a real animal: a dog.\" class=\"wp-image-19239\" srcset=\"https:\/\/doloresherrero.com\/wp-content\/uploads\/Iglesia-de-Nuestra-Senora-de-la-Asuncion-de-Aroche-Huelva-12-8.jpg 479w, https:\/\/doloresherrero.com\/wp-content\/uploads\/Iglesia-de-Nuestra-Senora-de-la-Asuncion-de-Aroche-Huelva-12-8-400x516.jpg 480w\" sizes=\"(max-width:479px) 479px, 100vw\" title=\"\"><span class=\"et_overlay\" data-icon=\"\" data-icon-tablet=\"\" data-icon-phone=\"\"><\/span><\/a><\/div><h3 class=\"et_pb_gallery_title\">Church of Nuestra Se\u00f1ora de la Asunci\u00f3n in Aroche (Huelva, Spain)<\/h3><\/div><div class=\"et_pb_gallery_item et_pb_grid_item et_pb_gallery_item_0_3\"><div class=\"et_pb_gallery_image portrait\" data-per_page=\"999\"><a href=\"https:\/\/doloresherrero.com\/wp-content\/uploads\/Iglesia-de-Nuestra-Senora-de-la-Asuncion-de-Aroche-Huelva-12-4.jpg\" title=\"Church of Nuestra Se\u00f1ora de la Asunci\u00f3n in Aroche (Huelva, Spain)\"><img loading=\"lazy\" decoding=\"async\" width=\"400\" height=\"516\" src=\"https:\/\/doloresherrero.com\/wp-content\/uploads\/Iglesia-de-Nuestra-Senora-de-la-Asuncion-de-Aroche-Huelva-12-4-400x516.jpg\" alt=\"Gargoyle of the Church of Nuestra Se\u00f1ora de la Asunci\u00f3n in Aroche (Huelva, Spain). It is a real animal: a dog.\" class=\"wp-image-19237\" srcset=\"https:\/\/doloresherrero.com\/wp-content\/uploads\/Iglesia-de-Nuestra-Senora-de-la-Asuncion-de-Aroche-Huelva-12-4.jpg 479w, https:\/\/doloresherrero.com\/wp-content\/uploads\/Iglesia-de-Nuestra-Senora-de-la-Asuncion-de-Aroche-Huelva-12-4-400x516.jpg 480w\" sizes=\"(max-width:479px) 479px, 100vw\" title=\"\"><span class=\"et_overlay\" data-icon=\"\" data-icon-tablet=\"\" data-icon-phone=\"\"><\/span><\/a><\/div><h3 class=\"et_pb_gallery_title\">Church of Nuestra Se\u00f1ora de la Asunci\u00f3n in Aroche (Huelva, Spain)<\/h3><\/div><div class=\"et_pb_gallery_item et_pb_grid_item et_pb_gallery_item_0_4\"><div class=\"et_pb_gallery_image portrait\" data-per_page=\"999\"><a href=\"https:\/\/doloresherrero.com\/wp-content\/uploads\/Iglesia-de-Nuestra-Senora-de-la-Asuncion-de-Aroche-Huelva-11-5.jpg\" title=\"Church of Nuestra Se\u00f1ora de la Asunci\u00f3n in Aroche (Huelva, Spain)\"><img loading=\"lazy\" decoding=\"async\" width=\"400\" height=\"516\" src=\"https:\/\/doloresherrero.com\/wp-content\/uploads\/Iglesia-de-Nuestra-Senora-de-la-Asuncion-de-Aroche-Huelva-11-5-400x516.jpg\" alt=\"Gargoyle of the Church of Nuestra Se\u00f1ora de la Asunci\u00f3n in Aroche (Huelva, Spain). It is a real animal: a dog.\" class=\"wp-image-19235\" srcset=\"https:\/\/doloresherrero.com\/wp-content\/uploads\/Iglesia-de-Nuestra-Senora-de-la-Asuncion-de-Aroche-Huelva-11-5.jpg 479w, https:\/\/doloresherrero.com\/wp-content\/uploads\/Iglesia-de-Nuestra-Senora-de-la-Asuncion-de-Aroche-Huelva-11-5-400x516.jpg 480w\" sizes=\"(max-width:479px) 479px, 100vw\" title=\"\"><span class=\"et_overlay\" data-icon=\"\" data-icon-tablet=\"\" data-icon-phone=\"\"><\/span><\/a><\/div><h3 class=\"et_pb_gallery_title\">Church of Nuestra Se\u00f1ora de la Asunci\u00f3n in Aroche (Huelva, Spain)<\/h3><\/div><div class=\"et_pb_gallery_item et_pb_grid_item et_pb_gallery_item_0_5\"><div class=\"et_pb_gallery_image portrait\" data-per_page=\"999\"><a href=\"https:\/\/doloresherrero.com\/wp-content\/uploads\/Iglesia-de-Nuestra-Senora-de-la-Asuncion-de-Aroche-Huelva-11-4.jpg\" title=\"Church of Nuestra Se\u00f1ora de la Asunci\u00f3n in Aroche (Huelva, Spain)\"><img loading=\"lazy\" decoding=\"async\" width=\"400\" height=\"516\" src=\"https:\/\/doloresherrero.com\/wp-content\/uploads\/Iglesia-de-Nuestra-Senora-de-la-Asuncion-de-Aroche-Huelva-11-4-400x516.jpg\" alt=\"Gargoyle of the Church of Nuestra Se\u00f1ora de la Asunci\u00f3n in Aroche (Huelva, Spain). It is a real animal: a dog.\" class=\"wp-image-19233\" srcset=\"https:\/\/doloresherrero.com\/wp-content\/uploads\/Iglesia-de-Nuestra-Senora-de-la-Asuncion-de-Aroche-Huelva-11-4.jpg 479w, https:\/\/doloresherrero.com\/wp-content\/uploads\/Iglesia-de-Nuestra-Senora-de-la-Asuncion-de-Aroche-Huelva-11-4-400x516.jpg 480w\" sizes=\"(max-width:479px) 479px, 100vw\" title=\"\"><span class=\"et_overlay\" data-icon=\"\" data-icon-tablet=\"\" data-icon-phone=\"\"><\/span><\/a><\/div><h3 class=\"et_pb_gallery_title\">Church of Nuestra Se\u00f1ora de la Asunci\u00f3n in Aroche (Huelva, Spain)<\/h3><\/div><div class=\"et_pb_gallery_item et_pb_grid_item et_pb_gallery_item_0_6\"><div class=\"et_pb_gallery_image portrait\" data-per_page=\"999\"><a href=\"https:\/\/doloresherrero.com\/wp-content\/uploads\/Iglesia-de-Nuestra-Senora-de-la-Asuncion-de-Aroche-Huelva-10-10.jpg\" title=\"Church of Nuestra Se\u00f1ora de la Asunci\u00f3n in Aroche (Huelva, Spain)\"><img loading=\"lazy\" decoding=\"async\" width=\"400\" height=\"516\" src=\"https:\/\/doloresherrero.com\/wp-content\/uploads\/Iglesia-de-Nuestra-Senora-de-la-Asuncion-de-Aroche-Huelva-10-10-400x516.jpg\" alt=\"Gargoyle of the Church of Nuestra Se\u00f1ora de la Asunci\u00f3n in Aroche (Huelva, Spain). It is a human figure.\" class=\"wp-image-19231\" srcset=\"https:\/\/doloresherrero.com\/wp-content\/uploads\/Iglesia-de-Nuestra-Senora-de-la-Asuncion-de-Aroche-Huelva-10-10.jpg 479w, https:\/\/doloresherrero.com\/wp-content\/uploads\/Iglesia-de-Nuestra-Senora-de-la-Asuncion-de-Aroche-Huelva-10-10-400x516.jpg 480w\" sizes=\"(max-width:479px) 479px, 100vw\" title=\"\"><span class=\"et_overlay\" data-icon=\"\" data-icon-tablet=\"\" data-icon-phone=\"\"><\/span><\/a><\/div><h3 class=\"et_pb_gallery_title\">Church of Nuestra Se\u00f1ora de la Asunci\u00f3n in Aroche (Huelva, Spain)<\/h3><\/div><div class=\"et_pb_gallery_item et_pb_grid_item et_pb_gallery_item_0_7\"><div class=\"et_pb_gallery_image portrait\" data-per_page=\"999\"><a href=\"https:\/\/doloresherrero.com\/wp-content\/uploads\/Iglesia-de-Nuestra-Senora-de-la-Asuncion-de-Aroche-Huelva-10-7.jpg\" title=\"Church of Nuestra Se\u00f1ora de la Asunci\u00f3n in Aroche (Huelva, Spain)\"><img loading=\"lazy\" decoding=\"async\" width=\"400\" height=\"516\" src=\"https:\/\/doloresherrero.com\/wp-content\/uploads\/Iglesia-de-Nuestra-Senora-de-la-Asuncion-de-Aroche-Huelva-10-7-400x516.jpg\" alt=\"Gargoyle of the Church of Nuestra Se\u00f1ora de la Asunci\u00f3n in Aroche (Huelva, Spain). It is a human figure.\" class=\"wp-image-19229\" srcset=\"https:\/\/doloresherrero.com\/wp-content\/uploads\/Iglesia-de-Nuestra-Senora-de-la-Asuncion-de-Aroche-Huelva-10-7.jpg 479w, https:\/\/doloresherrero.com\/wp-content\/uploads\/Iglesia-de-Nuestra-Senora-de-la-Asuncion-de-Aroche-Huelva-10-7-400x516.jpg 480w\" sizes=\"(max-width:479px) 479px, 100vw\" title=\"\"><span class=\"et_overlay\" data-icon=\"\" data-icon-tablet=\"\" data-icon-phone=\"\"><\/span><\/a><\/div><h3 class=\"et_pb_gallery_title\">Church of Nuestra Se\u00f1ora de la Asunci\u00f3n in Aroche (Huelva, Spain)<\/h3><\/div><div class=\"et_pb_gallery_item et_pb_grid_item et_pb_gallery_item_0_8\"><div class=\"et_pb_gallery_image portrait\" data-per_page=\"999\"><a href=\"https:\/\/doloresherrero.com\/wp-content\/uploads\/Iglesia-de-Nuestra-Senora-de-la-Asuncion-de-Aroche-Huelva-9-7.jpg\" title=\"Church of Nuestra Se\u00f1ora de la Asunci\u00f3n in Aroche (Huelva, Spain)\"><img loading=\"lazy\" decoding=\"async\" width=\"400\" height=\"516\" src=\"https:\/\/doloresherrero.com\/wp-content\/uploads\/Iglesia-de-Nuestra-Senora-de-la-Asuncion-de-Aroche-Huelva-9-7-400x516.jpg\" alt=\"Gargoyle of the Church of Nuestra Se\u00f1ora de la Asunci\u00f3n in Aroche (Huelva, Spain). It is a real animal: a bird.\" class=\"wp-image-19227\" srcset=\"https:\/\/doloresherrero.com\/wp-content\/uploads\/Iglesia-de-Nuestra-Senora-de-la-Asuncion-de-Aroche-Huelva-9-7.jpg 479w, https:\/\/doloresherrero.com\/wp-content\/uploads\/Iglesia-de-Nuestra-Senora-de-la-Asuncion-de-Aroche-Huelva-9-7-400x516.jpg 480w\" sizes=\"(max-width:479px) 479px, 100vw\" title=\"\"><span class=\"et_overlay\" data-icon=\"\" data-icon-tablet=\"\" data-icon-phone=\"\"><\/span><\/a><\/div><h3 class=\"et_pb_gallery_title\">Church of Nuestra Se\u00f1ora de la Asunci\u00f3n in Aroche (Huelva, Spain)<\/h3><\/div><div class=\"et_pb_gallery_item et_pb_grid_item et_pb_gallery_item_0_9\"><div class=\"et_pb_gallery_image portrait\" data-per_page=\"999\"><a href=\"https:\/\/doloresherrero.com\/wp-content\/uploads\/Iglesia-de-Nuestra-Senora-de-la-Asuncion-de-Aroche-Huelva-8-3.jpg\" title=\"Church of Nuestra Se\u00f1ora de la Asunci\u00f3n in Aroche (Huelva, Spain)\"><img loading=\"lazy\" decoding=\"async\" width=\"400\" height=\"516\" src=\"https:\/\/doloresherrero.com\/wp-content\/uploads\/Iglesia-de-Nuestra-Senora-de-la-Asuncion-de-Aroche-Huelva-8-3-400x516.jpg\" alt=\"Gargoyle of the Church of Nuestra Se\u00f1ora de la Asunci\u00f3n in Aroche (Huelva, Spain). It is a cannon.\" class=\"wp-image-19225\" srcset=\"https:\/\/doloresherrero.com\/wp-content\/uploads\/Iglesia-de-Nuestra-Senora-de-la-Asuncion-de-Aroche-Huelva-8-3.jpg 479w, https:\/\/doloresherrero.com\/wp-content\/uploads\/Iglesia-de-Nuestra-Senora-de-la-Asuncion-de-Aroche-Huelva-8-3-400x516.jpg 480w\" sizes=\"(max-width:479px) 479px, 100vw\" title=\"\"><span class=\"et_overlay\" data-icon=\"\" data-icon-tablet=\"\" data-icon-phone=\"\"><\/span><\/a><\/div><h3 class=\"et_pb_gallery_title\">Church of Nuestra Se\u00f1ora de la Asunci\u00f3n in Aroche (Huelva, Spain)<\/h3><\/div><div class=\"et_pb_gallery_item et_pb_grid_item et_pb_gallery_item_0_10\"><div class=\"et_pb_gallery_image portrait\" data-per_page=\"999\"><a href=\"https:\/\/doloresherrero.com\/wp-content\/uploads\/Iglesia-de-Nuestra-Senora-de-la-Asuncion-de-Aroche-Huelva-7-4.jpg\" title=\"Church of Nuestra Se\u00f1ora de la Asunci\u00f3n in Aroche (Huelva, Spain)\"><img loading=\"lazy\" decoding=\"async\" width=\"400\" height=\"516\" src=\"https:\/\/doloresherrero.com\/wp-content\/uploads\/Iglesia-de-Nuestra-Senora-de-la-Asuncion-de-Aroche-Huelva-7-4-400x516.jpg\" alt=\"Geometric gargoyle of the Church of Nuestra Se\u00f1ora de la Asunci\u00f3n in Aroche (Huelva, Spain).\" class=\"wp-image-19223\" srcset=\"https:\/\/doloresherrero.com\/wp-content\/uploads\/Iglesia-de-Nuestra-Senora-de-la-Asuncion-de-Aroche-Huelva-7-4.jpg 479w, https:\/\/doloresherrero.com\/wp-content\/uploads\/Iglesia-de-Nuestra-Senora-de-la-Asuncion-de-Aroche-Huelva-7-4-400x516.jpg 480w\" sizes=\"(max-width:479px) 479px, 100vw\" title=\"\"><span class=\"et_overlay\" data-icon=\"\" data-icon-tablet=\"\" data-icon-phone=\"\"><\/span><\/a><\/div><h3 class=\"et_pb_gallery_title\">Church of Nuestra Se\u00f1ora de la Asunci\u00f3n in Aroche (Huelva, Spain)<\/h3><\/div><div class=\"et_pb_gallery_item et_pb_grid_item et_pb_gallery_item_0_11\"><div class=\"et_pb_gallery_image portrait\" data-per_page=\"999\"><a href=\"https:\/\/doloresherrero.com\/wp-content\/uploads\/Iglesia-de-Nuestra-Senora-de-la-Asuncion-de-Aroche-Huelva-6-3.jpg\" title=\"Church of Nuestra Se\u00f1ora de la Asunci\u00f3n in Aroche (Huelva, Spain)\"><img loading=\"lazy\" decoding=\"async\" width=\"400\" height=\"516\" src=\"https:\/\/doloresherrero.com\/wp-content\/uploads\/Iglesia-de-Nuestra-Senora-de-la-Asuncion-de-Aroche-Huelva-6-3-400x516.jpg\" alt=\"Geometric gargoyle of the Church of Nuestra Se\u00f1ora de la Asunci\u00f3n in Aroche (Huelva, Spain).\" class=\"wp-image-19221\" srcset=\"https:\/\/doloresherrero.com\/wp-content\/uploads\/Iglesia-de-Nuestra-Senora-de-la-Asuncion-de-Aroche-Huelva-6-3.jpg 479w, https:\/\/doloresherrero.com\/wp-content\/uploads\/Iglesia-de-Nuestra-Senora-de-la-Asuncion-de-Aroche-Huelva-6-3-400x516.jpg 480w\" sizes=\"(max-width:479px) 479px, 100vw\" title=\"\"><span class=\"et_overlay\" data-icon=\"\" data-icon-tablet=\"\" data-icon-phone=\"\"><\/span><\/a><\/div><h3 class=\"et_pb_gallery_title\">Church of Nuestra Se\u00f1ora de la Asunci\u00f3n in Aroche (Huelva, Spain)<\/h3><\/div><div class=\"et_pb_gallery_item et_pb_grid_item et_pb_gallery_item_0_12\"><div class=\"et_pb_gallery_image portrait\" data-per_page=\"999\"><a href=\"https:\/\/doloresherrero.com\/wp-content\/uploads\/Iglesia-de-Nuestra-Senora-de-la-Asuncion-de-Aroche-Huelva-5-4.jpg\" title=\"Church of Nuestra Se\u00f1ora de la Asunci\u00f3n in Aroche (Huelva, Spain)\"><img loading=\"lazy\" decoding=\"async\" width=\"400\" height=\"516\" src=\"https:\/\/doloresherrero.com\/wp-content\/uploads\/Iglesia-de-Nuestra-Senora-de-la-Asuncion-de-Aroche-Huelva-5-4-400x516.jpg\" alt=\"Gargoyle of the Church of Nuestra Se\u00f1ora de la Asunci\u00f3n in Aroche (Huelva, Spain). It is a real animal: a dog with a collar.\" class=\"wp-image-19219\" srcset=\"https:\/\/doloresherrero.com\/wp-content\/uploads\/Iglesia-de-Nuestra-Senora-de-la-Asuncion-de-Aroche-Huelva-5-4.jpg 479w, https:\/\/doloresherrero.com\/wp-content\/uploads\/Iglesia-de-Nuestra-Senora-de-la-Asuncion-de-Aroche-Huelva-5-4-400x516.jpg 480w\" sizes=\"(max-width:479px) 479px, 100vw\" title=\"\"><span class=\"et_overlay\" data-icon=\"\" data-icon-tablet=\"\" data-icon-phone=\"\"><\/span><\/a><\/div><h3 class=\"et_pb_gallery_title\">Church of Nuestra Se\u00f1ora de la Asunci\u00f3n in Aroche (Huelva, Spain)<\/h3><\/div><div class=\"et_pb_gallery_item et_pb_grid_item et_pb_gallery_item_0_13\"><div class=\"et_pb_gallery_image portrait\" data-per_page=\"999\"><a href=\"https:\/\/doloresherrero.com\/wp-content\/uploads\/Iglesia-de-Nuestra-Senora-de-la-Asuncion-de-Aroche-Huelva-4-7.jpg\" title=\"Church of Nuestra Se\u00f1ora de la Asunci\u00f3n in Aroche (Huelva, Spain)\"><img loading=\"lazy\" decoding=\"async\" width=\"400\" height=\"516\" src=\"https:\/\/doloresherrero.com\/wp-content\/uploads\/Iglesia-de-Nuestra-Senora-de-la-Asuncion-de-Aroche-Huelva-4-7-400x516.jpg\" alt=\"Demonic gargoyle of the Church of Nuestra Se\u00f1ora de la Asunci\u00f3n in Aroche (Huelva, Spain).\" class=\"wp-image-19217\" srcset=\"https:\/\/doloresherrero.com\/wp-content\/uploads\/Iglesia-de-Nuestra-Senora-de-la-Asuncion-de-Aroche-Huelva-4-7.jpg 479w, https:\/\/doloresherrero.com\/wp-content\/uploads\/Iglesia-de-Nuestra-Senora-de-la-Asuncion-de-Aroche-Huelva-4-7-400x516.jpg 480w\" sizes=\"(max-width:479px) 479px, 100vw\" title=\"\"><span class=\"et_overlay\" data-icon=\"\" data-icon-tablet=\"\" data-icon-phone=\"\"><\/span><\/a><\/div><h3 class=\"et_pb_gallery_title\">Church of Nuestra Se\u00f1ora de la Asunci\u00f3n in Aroche (Huelva, Spain)<\/h3><p class=\"et_pb_gallery_caption\">G\u00e1rgola demon\u00edaca de la Iglesia de Nuestra Se\u00f1ora de la Asunci\u00f3n de Aroche (Huelva). Tiene cabeza y cuerpo dragontinos, y sujeta entre sus patas una cabeza humana.<\/p><\/div><div class=\"et_pb_gallery_item et_pb_grid_item et_pb_gallery_item_0_14\"><div class=\"et_pb_gallery_image portrait\" data-per_page=\"999\"><a href=\"https:\/\/doloresherrero.com\/wp-content\/uploads\/Iglesia-de-Nuestra-Senora-de-la-Asuncion-de-Aroche-Huelva-3-3.jpg\" title=\"Church of Nuestra Se\u00f1ora de la Asunci\u00f3n in Aroche (Huelva, Spain)\"><img loading=\"lazy\" decoding=\"async\" width=\"400\" height=\"516\" src=\"https:\/\/doloresherrero.com\/wp-content\/uploads\/Iglesia-de-Nuestra-Senora-de-la-Asuncion-de-Aroche-Huelva-3-3-400x516.jpg\" alt=\"Gargoyle of the Church of Nuestra Se\u00f1ora de la Asunci\u00f3n in Aroche (Huelva, Spain). It is a real animal: an eagle.\" class=\"wp-image-19215\" srcset=\"https:\/\/doloresherrero.com\/wp-content\/uploads\/Iglesia-de-Nuestra-Senora-de-la-Asuncion-de-Aroche-Huelva-3-3.jpg 479w, https:\/\/doloresherrero.com\/wp-content\/uploads\/Iglesia-de-Nuestra-Senora-de-la-Asuncion-de-Aroche-Huelva-3-3-400x516.jpg 480w\" sizes=\"(max-width:479px) 479px, 100vw\" title=\"\"><span class=\"et_overlay\" data-icon=\"\" data-icon-tablet=\"\" data-icon-phone=\"\"><\/span><\/a><\/div><h3 class=\"et_pb_gallery_title\">Church of Nuestra Se\u00f1ora de la Asunci\u00f3n in Aroche (Huelva, Spain)<\/h3><\/div><div class=\"et_pb_gallery_item et_pb_grid_item et_pb_gallery_item_0_15\"><div class=\"et_pb_gallery_image portrait\" data-per_page=\"999\"><a href=\"https:\/\/doloresherrero.com\/wp-content\/uploads\/Iglesia-de-Nuestra-Senora-de-la-Asuncion-de-Aroche-Huelva-2-3.jpg\" title=\"Church of Nuestra Se\u00f1ora de la Asunci\u00f3n in Aroche (Huelva, Spain)\"><img loading=\"lazy\" decoding=\"async\" width=\"400\" height=\"516\" src=\"https:\/\/doloresherrero.com\/wp-content\/uploads\/Iglesia-de-Nuestra-Senora-de-la-Asuncion-de-Aroche-Huelva-2-3-400x516.jpg\" alt=\"Geometric gargoyle of the Church of Nuestra Se\u00f1ora de la Asunci\u00f3n in Aroche (Huelva, Spain).\" class=\"wp-image-19213\" srcset=\"https:\/\/doloresherrero.com\/wp-content\/uploads\/Iglesia-de-Nuestra-Senora-de-la-Asuncion-de-Aroche-Huelva-2-3.jpg 479w, https:\/\/doloresherrero.com\/wp-content\/uploads\/Iglesia-de-Nuestra-Senora-de-la-Asuncion-de-Aroche-Huelva-2-3-400x516.jpg 480w\" sizes=\"(max-width:479px) 479px, 100vw\" title=\"\"><span class=\"et_overlay\" data-icon=\"\" data-icon-tablet=\"\" data-icon-phone=\"\"><\/span><\/a><\/div><h3 class=\"et_pb_gallery_title\">Church of Nuestra Se\u00f1ora de la Asunci\u00f3n in Aroche (Huelva, Spain)<\/h3><\/div><div class=\"et_pb_gallery_item et_pb_grid_item et_pb_gallery_item_0_16\"><div class=\"et_pb_gallery_image portrait\" data-per_page=\"999\"><a href=\"https:\/\/doloresherrero.com\/wp-content\/uploads\/Iglesia-de-Nuestra-Senora-de-la-Asuncion-de-Aroche-Huelva-1-4.jpg\" title=\"Church of Nuestra Se\u00f1ora de la Asunci\u00f3n in Aroche (Huelva, Spain)\"><img loading=\"lazy\" decoding=\"async\" width=\"400\" height=\"516\" src=\"https:\/\/doloresherrero.com\/wp-content\/uploads\/Iglesia-de-Nuestra-Senora-de-la-Asuncion-de-Aroche-Huelva-1-4-400x516.jpg\" alt=\"Geometric gargoyle of the Church of Nuestra Se\u00f1ora de la Asunci\u00f3n in Aroche (Huelva, Spain).\" class=\"wp-image-19211\" srcset=\"https:\/\/doloresherrero.com\/wp-content\/uploads\/Iglesia-de-Nuestra-Senora-de-la-Asuncion-de-Aroche-Huelva-1-4.jpg 479w, https:\/\/doloresherrero.com\/wp-content\/uploads\/Iglesia-de-Nuestra-Senora-de-la-Asuncion-de-Aroche-Huelva-1-4-400x516.jpg 480w\" sizes=\"(max-width:479px) 479px, 100vw\" title=\"\"><span class=\"et_overlay\" data-icon=\"\" data-icon-tablet=\"\" data-icon-phone=\"\"><\/span><\/a><\/div><h3 class=\"et_pb_gallery_title\">Church of Nuestra Se\u00f1ora de la Asunci\u00f3n in Aroche (Huelva, Spain)<\/h3><\/div><\/div><\/div><div class=\"et_pb_text_3 et_pb_text et_pb_bg_layout_light et_pb_module et_block_module\"><div class=\"et_pb_text_inner\"><p>These images are part of the documentary archive dedicated to the study of gargoyles created by <strong data-start=\"1414\" data-end=\"1440\">Dolores Herrero Ferrio<\/strong>, focused on the research, documentation, and dissemination of these sculptural figures in Spain and other countries.<\/p>\n<\/div><\/div><\/div><\/div><\/div>\n","protected":false},"excerpt":{"rendered":"","protected":false},"author":4,"featured_media":19241,"parent":16843,"menu_order":0,"comment_status":"closed","ping_status":"closed","template":"","meta":{"footnotes":""},"tags":[2996,857,2848,2994,2997,72,2849,935,2604,2516],"class_list":["post-20265","page","type-page","status-publish","has-post-thumbnail","hentry","tag-andalusian-architecture","tag-architectural-sculpture","tag-aroche","tag-arte-andaluz","tag-drainage-systems","tag-gargoyles-en","tag-huelva","tag-medieval-art","tag-spain","tag-stone-sculpture"],"_links":{"self":[{"href":"https:\/\/doloresherrero.com\/en\/wp-json\/wp\/v2\/pages\/20265","targetHints":{"allow":["GET"]}}],"collection":[{"href":"https:\/\/doloresherrero.com\/en\/wp-json\/wp\/v2\/pages"}],"about":[{"href":"https:\/\/doloresherrero.com\/en\/wp-json\/wp\/v2\/types\/page"}],"author":[{"embeddable":true,"href":"https:\/\/doloresherrero.com\/en\/wp-json\/wp\/v2\/users\/4"}],"replies":[{"embeddable":true,"href":"https:\/\/doloresherrero.com\/en\/wp-json\/wp\/v2\/comments?post=20265"}],"version-history":[{"count":3,"href":"https:\/\/doloresherrero.com\/en\/wp-json\/wp\/v2\/pages\/20265\/revisions"}],"predecessor-version":[{"id":21124,"href":"https:\/\/doloresherrero.com\/en\/wp-json\/wp\/v2\/pages\/20265\/revisions\/21124"}],"up":[{"embeddable":true,"href":"https:\/\/doloresherrero.com\/en\/wp-json\/wp\/v2\/pages\/16843"}],"wp:featuredmedia":[{"embeddable":true,"href":"https:\/\/doloresherrero.com\/en\/wp-json\/wp\/v2\/media\/19241"}],"wp:attachment":[{"href":"https:\/\/doloresherrero.com\/en\/wp-json\/wp\/v2\/media?parent=20265"}],"wp:term":[{"taxonomy":"post_tag","embeddable":true,"href":"https:\/\/doloresherrero.com\/en\/wp-json\/wp\/v2\/tags?post=20265"}],"curies":[{"name":"wp","href":"https:\/\/api.w.org\/{rel}","templated":true}]}}