{"id":2215,"date":"2016-06-06T18:03:22","date_gmt":"2016-06-06T16:03:22","guid":{"rendered":"http:\/\/doloresherrero.com\/testimonios"},"modified":"2025-05-21T17:02:40","modified_gmt":"2025-05-21T15:02:40","slug":"testimonios","status":"publish","type":"page","link":"https:\/\/doloresherrero.com\/en\/testimonios\/","title":{"rendered":"Testimonials"},"content":{"rendered":"<p>[et_pb_section fb_built=&#8221;1&#8243; admin_label=&#8221;Trending&#8221; _builder_version=&#8221;4.16&#8243; custom_padding=&#8221;||11px|||&#8221; global_colors_info=&#8221;{}&#8221;][et_pb_row column_structure=&#8221;3_5,2_5&#8243; _builder_version=&#8221;4.16&#8243; custom_padding=&#8221;||19px|||&#8221; global_colors_info=&#8221;{}&#8221;][et_pb_column type=&#8221;3_5&#8243; _builder_version=&#8221;4.16&#8243; global_colors_info=&#8221;{}&#8221;][et_pb_text _builder_version=&#8221;4.27.0&#8243; header_font=&#8221;|700|||||||&#8221; header_font_size=&#8221;80px&#8221; header_2_font=&#8221;Montserrat|700|||||||&#8221; header_2_text_color=&#8221;#000000&#8243; header_2_font_size=&#8221;73px&#8221; header_2_line_height=&#8221;1.2em&#8221; z_index=&#8221;2&#8243; max_width=&#8221;750px&#8221; header_font_size_tablet=&#8221;50px&#8221; header_font_size_phone=&#8221;50px&#8221; header_font_size_last_edited=&#8221;on|tablet&#8221; header_2_font_size_tablet=&#8221;48px&#8221; header_2_font_size_phone=&#8221;36px&#8221; header_2_font_size_last_edited=&#8221;on|desktop&#8221; global_colors_info=&#8221;{}&#8221;]<\/p>\n<h1>Testimonials<\/h1>\n<p>[\/et_pb_text][et_pb_text _builder_version=&#8221;4.27.0&#8243; text_font=&#8221;Cardo|700|||||||&#8221; text_text_color=&#8221;rgba(0,0,0,0.03)&#8221; text_font_size=&#8221;48px&#8221; text_line_height=&#8221;1em&#8221; custom_margin=&#8221;-0.8em|||-0.8em|false|false&#8221; custom_margin_tablet=&#8221;-100px||||false|false&#8221; custom_margin_phone=&#8221;-80px|||-60px|false|false&#8221; custom_margin_last_edited=&#8221;on|tablet&#8221; text_font_size_tablet=&#8221;100px&#8221; text_font_size_phone=&#8221;60px&#8221; text_font_size_last_edited=&#8221;on|desktop&#8221; global_colors_info=&#8221;{}&#8221;]<\/p>\n<p>Dolores Herrero<\/p>\n<p>[\/et_pb_text][\/et_pb_column][et_pb_column type=&#8221;2_5&#8243; _builder_version=&#8221;4.16&#8243; global_colors_info=&#8221;{}&#8221;][\/et_pb_column][\/et_pb_row][et_pb_row _builder_version=&#8221;4.16&#8243; background_size=&#8221;initial&#8221; background_position=&#8221;top_left&#8221; background_repeat=&#8221;repeat&#8221; global_colors_info=&#8221;{}&#8221;][et_pb_column type=&#8221;4_4&#8243; _builder_version=&#8221;4.16&#8243; custom_padding=&#8221;|||&#8221; global_colors_info=&#8221;{}&#8221; custom_padding__hover=&#8221;|||&#8221;][et_pb_team_member name=&#8221;Santiago Manzarbeitia Valle&#8221; position=&#8221;Staff Professor of the Department of History of Art I (Medieval) College of Geography and History of the Madrid Complutense University Director of the PhD Thesis of Dolores Herrero&#8221; image_url=&#8221;https:\/\/doloresherrero.com\/wp-content\/uploads\/santiago-manzarbeitia-1.jpg&#8221; _builder_version=&#8221;4.27.4&#8243; _module_preset=&#8221;default&#8221; header_level=&#8221;h2&#8243; hover_enabled=&#8221;0&#8243; global_colors_info=&#8221;{}&#8221; title_text=&#8221;santiago-manzarbeitia&#8221; sticky_enabled=&#8221;0&#8243;]<\/p>\n<p><em>\u201cIn short, the gargoyle is our other self, the monster fed by medieval fantasy and that the stonemasons shaped creating an imagery of hybrid creatures with a strange nature and disquieting spirit. Lola Herrero has been on the rooftops of our cathedrals to record and classify the gargoyles, and she took them on and managed to interpret these versatile scours of medieval meanderings\u201d.<\/em><\/p>\n<p>[\/et_pb_team_member][et_pb_team_member name=&#8221;Matilde Azc\u00e1rate Lux\u00e1n&#8221; position=&#8221;Staff Professor of History of Art Department of History of Art I (Medieval) College of Geography and History of the Madrid Complutense University&#8221; image_url=&#8221;https:\/\/doloresherrero.com\/wp-content\/uploads\/matilde-azcarate-1.jpg&#8221; _builder_version=&#8221;4.27.4&#8243; _module_preset=&#8221;default&#8221; header_level=&#8221;h2&#8243; hover_enabled=&#8221;0&#8243; global_colors_info=&#8221;{}&#8221; title_text=&#8221;matilde-azcarate&#8221; sticky_enabled=&#8221;0&#8243;]<\/p>\n<p><em>\u201cThroughout her professional career, Lola Herrero has demonstrated a zeal and eagerness, and no challenges or circumstances could dampen the enthusiasm for her work. I had the honour of participating as a member of the assessment committee of her PhD thesis at the Madrid Complutense University, on the gargoyles of the Gothic cathedrals of Castilla y Le\u00f3n, where she evinced her rigour and clear commitment to all of her work and, most particularly, the extensive photography archive presented in an exemplary way.\u201d<\/em><\/p>\n<p>[\/et_pb_team_member][et_pb_team_member name=&#8221;Sira Gadea&#8221; position=&#8221;Art Historian and writer of blog Viajar con el Arte&#8221; image_url=&#8221;https:\/\/doloresherrero.com\/wp-content\/uploads\/sira-gadea-1.jpg&#8221; _builder_version=&#8221;4.27.4&#8243; _module_preset=&#8221;default&#8221; header_level=&#8221;h2&#8243; hover_enabled=&#8221;0&#8243; global_colors_info=&#8221;{}&#8221; title_text=&#8221;sira-gadea&#8221; sticky_enabled=&#8221;0&#8243;]<\/p>\n<p><em>\u201cLola is an analytical art historian, with work capacity, initiative and who is very able to work in a team given her high levels of empathy, and these are qualities, together with her special sensitivity, that allow her to pursue historical-artistic research, always exceeding all of the targets she sets herself. Moreover, her enthusiasm for her profession makes it easy for her to convey her love and respect for historical-artistic heritage, as she is aware that the more people know about it, the more it will be appreciated\u201d.<\/em><\/p>\n<p>[\/et_pb_team_member][et_pb_team_member name=&#8221;Ana Santamar\u00eda&#8221; position=&#8221;PhD in History of Art and Diploma in Conservation and Restoration of Cultural Assets&#8221; image_url=&#8221;https:\/\/doloresherrero.com\/wp-content\/uploads\/ana-santamaria-1.jpg&#8221; _builder_version=&#8221;4.27.4&#8243; _module_preset=&#8221;default&#8221; header_level=&#8221;h2&#8243; hover_enabled=&#8221;0&#8243; global_colors_info=&#8221;{}&#8221; title_text=&#8221;ana-santamaria&#8221; sticky_enabled=&#8221;0&#8243;]<\/p>\n<p><em>\u201cLola and I completed a large part of the History of Art degree together. I have always admired, on the one hand, her ease for synthesis when setting out the main research lines to pursue when she seeks to study a topic and, on the other, her ease for the subsequent analytical development of the theme. Not forgetting, of course, the passion and hard work that she puts into anything she undertakes to do. This combination of skills is rounded off with easy and enjoyable writing that conveys the enthusiasm she feels for her work to all readers\u201d.<\/em><\/p>\n<p>[\/et_pb_team_member][et_pb_team_member name=&#8221;Alicia Rod\u00e9s&#8221; position=&#8221;Art Historian&#8221; image_url=&#8221;https:\/\/doloresherrero.com\/wp-content\/uploads\/alicia-rodes-1.jpg&#8221; _builder_version=&#8221;4.27.4&#8243; _module_preset=&#8221;default&#8221; header_level=&#8221;h2&#8243; hover_enabled=&#8221;0&#8243; global_colors_info=&#8221;{}&#8221; title_text=&#8221;alicia-rodes&#8221; sticky_enabled=&#8221;0&#8243;]<\/p>\n<p><em>\u201cThe gargoyles of Lola Herrero are to architecture what Erwin Panofsky is to image. Her work is essential to understand our art\u201d.<\/em><\/p>\n<p>[\/et_pb_team_member][et_pb_team_member name=&#8221;Cristina Cerezales&#8221; position=&#8221;Writer&#8221; image_url=&#8221;https:\/\/doloresherrero.com\/wp-content\/uploads\/cristina-cerezales-1.jpg&#8221; _builder_version=&#8221;4.27.4&#8243; _module_preset=&#8221;default&#8221; header_level=&#8221;h2&#8243; hover_enabled=&#8221;0&#8243; global_colors_info=&#8221;{}&#8221; title_text=&#8221;cristina-cerezales&#8221; sticky_enabled=&#8221;0&#8243;]<\/p>\n<p><em>\u201cLola Herrero has brought us closer to these mysterious gargoyles that inhabit cathedrals, sometimes peeping out of places beyond the gaze of ordinary visitors. This work is so rigorous and thorough that it is solely possible to do it the way she has: driven on by passion. The result of these years of work is of inestimable value, both for iconography scholars and for anyone who is interested in these figures that always glimpse at us in a strange way and whose mystery we could not understand without assistance\u201d.<\/em><\/p>\n<p>[\/et_pb_team_member][\/et_pb_column][\/et_pb_row][\/et_pb_section]<\/p>\n","protected":false},"excerpt":{"rendered":"<p>TestimonialsDolores Herrero\u201cIn short, the gargoyle is our other self, the monster fed by medieval fantasy and that the stonemasons shaped creating an imagery of hybrid creatures with a strange nature and disquieting spirit. Lola Herrero has been on the rooftops of our cathedrals to record and classify the gargoyles, and she took them on and [&hellip;]<\/p>\n","protected":false},"author":2,"featured_media":0,"parent":0,"menu_order":0,"comment_status":"closed","ping_status":"closed","template":"","meta":{"_et_pb_use_builder":"on","_et_pb_old_content":"[:es]<h2 style=\"text-align: center;\">Santiago Manzarbeitia Valle<\/h2>\r\n<p style=\"text-align: left;\"><em><img class=\"alignleft wp-image-225\" src=\"https:\/\/doloresherrero.com\/wp-content\/uploads\/SANTIAGO-MANZARBEITIA-1.jpg\" alt=\"SANTIAGO MANZARBEITIA\" width=\"150\" height=\"112\" \/>\"La g\u00e1rgola es en definitiva nuestro otro yo, ese monstruo que la fantas\u00eda medieval aliment\u00f3 y los canteros dieron forma creando un imaginario de seres h\u00edbridos de extra\u00f1a naturaleza y esp\u00edritu inquietante. Lola Herrero se ha encaramado a los tejados de nuestras catedrales para registrarlas y clasificarlas, se ha encarado con ellas y ha sabido interpretar estos vers\u00e1tiles desag\u00fces del discurrir medieval\"<\/em>.<\/p>\r\n<p style=\"text-align: justify;\"><strong>Profesor Titular del Departamento de Historia del Arte I (Medieval)\r\nFacultad de Geograf\u00eda e Historia de la Universidad Complutense de Madrid\r\nDirector de la Tesis Doctoral de Dolores Herrero<\/strong><\/p>\r\n\r\n<h2 style=\"text-align: center;\">Matilde Azc\u00e1rate Lux\u00e1n<\/h2>\r\n<p style=\"text-align: right;\"><img class=\"alignright wp-image-256\" src=\"https:\/\/doloresherrero.com\/wp-content\/uploads\/MATILDE-AZC\u00c1RATE-e1466760098881.jpg\" alt=\"matilde\" width=\"150\" height=\"150\" \/><em>\"Lola Herrero ha demostrado en toda su trayectoria profesional seriedad y entusiasmo sin que ning\u00fan reto, ni situaci\u00f3n le dificultasen su trabajo. Tuve el honor de participar como miembro de la comisi\u00f3n evaluadora de su Tesis doctoral en la Universidad Complutense de Madrid sobre las g\u00e1rgolas de las catedrales g\u00f3ticas de Castilla y Le\u00f3n, en la que puso de manifiesto su rigor y compromiso evidente en todo el trabajo y particularmente en el ampl\u00edsimo archivo fotogr\u00e1fico presentado de forma mod\u00e9lica\"<\/em>.<\/p>\r\n<p style=\"text-align: right;\"><strong>Profesora Titular de Historia del Arte\r\nDepartamento de Historia del Arte I (Medieval)\r\nFacultad de Geograf\u00eda e Historia de la Universidad Complutense de Madrid<\/strong><\/p>\r\n\r\n<h2 style=\"text-align: center;\">Sira Gadea<\/h2>\r\n<img class=\"alignleft wp-image-109\" src=\"https:\/\/doloresherrero.com\/wp-content\/uploads\/SIRA-GADEA2-e1465384736703.jpg\" alt=\"SIRA GADEA\" width=\"150\" height=\"150\" \/>\r\n\r\n\"<em>Lola es una historiadora del arte anal\u00edtica, con capacidad de trabajo, iniciativa y que sabe trabajar muy bien en equipo por su gran empat\u00eda, y son estas cualidades, unidas a su especial sensibilidad, las que le permiten dedicarse a la investigaci\u00f3n hist\u00f3rico-art\u00edstica superando siempre todos los objetivos que se propone. Adem\u00e1s, su entusiasmo por su profesi\u00f3n hace posible esa facilidad con la que contagia su amor y su respeto por el patrimonio hist\u00f3rico-art\u00edstico, pues sabe que cuanto m\u00e1s se conozca, m\u00e1s se valorar\u00e1\".<\/em>\r\n\r\n<strong>Historiadora del Arte y autora del blog <a href=\"https:\/\/viajarconelarte.blogspot.com.es\/\" target=\"_blank\">Viajar con el Arte<\/a><\/strong>\r\n<h2 style=\"text-align: center;\">Ana Santamar\u00eda<\/h2>\r\n<p style=\"text-align: right;\"><img class=\"alignright wp-image-203\" src=\"https:\/\/doloresherrero.com\/wp-content\/uploads\/ANA-SANTAMAR\u00cdA-376x500.jpg\" alt=\"ANA SANTAMAR\u00cdA\" width=\"150\" height=\"200\" \/><em>\"Lola y yo realizamos juntas un largo trecho de la carrera de Historia del Arte. Siempre he admirado, de una parte, su facilidad para la s\u00edntesis a la hora de determinar las principales l\u00edneas de investigaci\u00f3n cuando aborda el estudio de un tema y, de otra parte, la desenvoltura para el posterior desarrollo anal\u00edtico del mismo. Sin olvidar, por supuesto, la pasi\u00f3n y el buen hacer que pone en todo lo que emprende. Una combinaci\u00f3n de competencias que remata con una lectura f\u00e1cil y amena que transmite al que la lee todo el entusiasmo que ella siente por su trabajo\".<\/em><\/p>\r\n<p style=\"text-align: right;\"><strong>Doctora en Historia del Arte y Diplomada en Conservaci\u00f3n y Restauraci\u00f3n de Bienes Culturales<\/strong><\/p>\r\n\r\n<h2 style=\"text-align: center;\">Alicia Rod\u00e9s<\/h2>\r\n<img class=\"alignleft wp-image-106\" src=\"https:\/\/doloresherrero.com\/wp-content\/uploads\/ALICIA-ROD\u00c9S-e1465383265839.jpg\" alt=\"ALICIA ROD\u00c9S\" width=\"150\" height=\"136\" \/>\r\n\r\n<em>\"Las g\u00e1rgolas de Lola Herrero son a la arquitectura lo que Erwin Panofsky a la imagen. Su obra es imprescindible para comprender nuestro arte\".<\/em>\r\n\r\n<strong>Historiadora del Arte<\/strong>\r\n\r\n\u00a0\r\n<h2 style=\"text-align: center;\">Cristina Cerezales<\/h2>\r\n<img class=\"alignright wp-image-164\" src=\"https:\/\/doloresherrero.com\/wp-content\/uploads\/CRISTINA-CEREZALES.jpg\" alt=\"Cristina cerezales\" width=\"150\" height=\"181\" \/>\r\n<p style=\"text-align: right;\"><em>\"Lola Herrero nos ha acercado esas misteriosas g\u00e1rgolas que viven en las catedrales y a veces asoman en lugares inaccesibles para el ojo del visitante com\u00fan. Un trabajo tan riguroso y exhaustivo s\u00f3lo es posible realizarlo, como ella ha hecho, conducida por la pasi\u00f3n. El resultado de estos a\u00f1os de trabajo tiene un valor incalculable, tanto para estudiosos de iconograf\u00eda, como para toda persona que sienta curiosidad por esas figuras que desde siempre nos hacen gui\u00f1os extra\u00f1os y cuyo misterio, sin ayuda, no logramos penetrar\".<\/em><\/p>\r\n<p style=\"text-align: right;\"><strong>Escritora<\/strong><\/p>\r\n\u00a0\r\n\r\n\u00a0","_et_gb_content_width":"","footnotes":""},"tags":[],"class_list":["post-2215","page","type-page","status-publish","hentry"],"_links":{"self":[{"href":"https:\/\/doloresherrero.com\/en\/wp-json\/wp\/v2\/pages\/2215","targetHints":{"allow":["GET"]}}],"collection":[{"href":"https:\/\/doloresherrero.com\/en\/wp-json\/wp\/v2\/pages"}],"about":[{"href":"https:\/\/doloresherrero.com\/en\/wp-json\/wp\/v2\/types\/page"}],"author":[{"embeddable":true,"href":"https:\/\/doloresherrero.com\/en\/wp-json\/wp\/v2\/users\/2"}],"replies":[{"embeddable":true,"href":"https:\/\/doloresherrero.com\/en\/wp-json\/wp\/v2\/comments?post=2215"}],"version-history":[{"count":0,"href":"https:\/\/doloresherrero.com\/en\/wp-json\/wp\/v2\/pages\/2215\/revisions"}],"wp:attachment":[{"href":"https:\/\/doloresherrero.com\/en\/wp-json\/wp\/v2\/media?parent=2215"}],"wp:term":[{"taxonomy":"post_tag","embeddable":true,"href":"https:\/\/doloresherrero.com\/en\/wp-json\/wp\/v2\/tags?post=2215"}],"curies":[{"name":"wp","href":"https:\/\/api.w.org\/{rel}","templated":true}]}}